{"id":3742,"date":"2024-09-26T15:50:19","date_gmt":"2024-09-26T13:50:19","guid":{"rendered":"https:\/\/cevoman.be\/unsere-flotte\/"},"modified":"2025-04-15T10:36:15","modified_gmt":"2025-04-15T08:36:15","slug":"unsere-flotte","status":"publish","type":"page","link":"https:\/\/cevoman.be\/de\/unsere-flotte\/","title":{"rendered":"Unsere Flotte"},"content":{"rendered":"<p>[et_pb_section fb_built=&#8220;1&#8243; _builder_version=&#8220;4.27.4&#8243; _module_preset=&#8220;default&#8220; custom_margin=&#8220;0px||0px||false|false&#8220; custom_padding=&#8220;0px||0px||false|false&#8220; global_colors_info=&#8220;{}&#8220;][et_pb_row column_structure=&#8220;1_4,1_2,1_4&#8243; _builder_version=&#8220;4.27.4&#8243; _module_preset=&#8220;default&#8220; width=&#8220;100%&#8220; max_width=&#8220;1940px&#8220; custom_margin=&#8220;0px||0px||false|false&#8220; custom_padding=&#8220;0px||0px||false|false&#8220; global_colors_info=&#8220;{}&#8220;][et_pb_column type=&#8220;1_4&#8243; _builder_version=&#8220;4.27.4&#8243; _module_preset=&#8220;default&#8220; global_colors_info=&#8220;{}&#8220;][et_pb_image src=&#8220;https:\/\/cevoman.be\/wp-content\/uploads\/2025\/01\/Truck-Wagenpark.jpg&#8220; title_text=&#8220;~ai-b13744a8-ad14-4f22-b87d-4e3a75214153_&#8220; _builder_version=&#8220;4.27.4&#8243; _module_preset=&#8220;default&#8220; max_height_tablet=&#8220;350px&#8220; max_height_phone=&#8220;350px&#8220; max_height_last_edited=&#8220;on|phone&#8220; filter_brightness=&#8220;105%&#8220; global_colors_info=&#8220;{}&#8220;][\/et_pb_image][\/et_pb_column][et_pb_column type=&#8220;1_2&#8243; _builder_version=&#8220;4.27.4&#8243; _module_preset=&#8220;default&#8220; global_colors_info=&#8220;{}&#8220;][et_pb_text _builder_version=&#8220;4.27.4&#8243; _module_preset=&#8220;f117a852-9ed3-4e7e-bbbb-0293ae077f1c&#8220; header_font=&#8220;Poppins|700|||||||&#8220; header_text_color=&#8220;#666666&#8243; header_font_size=&#8220;7em&#8220; header_line_height=&#8220;1.2em&#8220; custom_margin=&#8220;30px|||-23%|false|false&#8220; custom_margin_tablet=&#8220;-5px|||3%|false|false&#8220; custom_margin_phone=&#8220;-5px||-5px|5%|true|false&#8220; custom_margin_last_edited=&#8220;on|phone&#8220; custom_padding=&#8220;||0px||false|false&#8220; header_font_size_tablet=&#8220;4em&#8220; header_font_size_phone=&#8220;2.5em&#8220; header_font_size_last_edited=&#8220;on|phone&#8220; locked=&#8220;off&#8220; global_colors_info=&#8220;{}&#8220;]<\/p>\n<h1>Flotte<\/h1>\n<p>[\/et_pb_text][\/et_pb_column][et_pb_column type=&#8220;1_4&#8243; _builder_version=&#8220;4.27.4&#8243; _module_preset=&#8220;default&#8220; global_colors_info=&#8220;{}&#8220;][et_pb_text _builder_version=&#8220;4.27.4&#8243; _module_preset=&#8220;8bb1575d-848a-4e48-b018-17a2eccf3bc3&#8243; text_font=&#8220;Work Sans||||||||&#8220; text_text_color=&#8220;#666666&#8243; text_font_size=&#8220;1.2em&#8220; text_line_height=&#8220;1.4em&#8220; background_enable_color=&#8220;off&#8220; background_layout=&#8220;dark&#8220; custom_margin=&#8220;14%|20%||-135%|false|false&#8220; custom_margin_tablet=&#8220;-15px|4%|2%|4%|false|true&#8220; custom_margin_phone=&#8220;-15px|5%|5%|5%|false|true&#8220; custom_margin_last_edited=&#8220;on|phone&#8220; custom_padding=&#8220;0px||||false|false&#8220; text_font_size_tablet=&#8220;1em&#8220; text_font_size_phone=&#8220;0.9em&#8220; text_font_size_last_edited=&#8220;on|phone&#8220; border_color_all=&#8220;#000000&#8243; global_colors_info=&#8220;{}&#8220;]<\/p>\n<p>Unser Fuhrpark besteht aus jungen und \u00e4lteren <strong>Gebrauchtfahrzeugen<\/strong>.<\/p>\n<p>Wir k\u00f6nnen Ihnen verschiedene Arten von gebrauchten Lastwagen anbieten. Wie zum Beispiel gebrauchte Kipper, offene Aufbauten mit Autokran, Containersysteme, K\u00fchlfahrzeuge,&#8230;<\/p>\n<p>Wir f\u00fchren auch eine gro\u00dfe Auswahl an Ladekr\u00e4nen, Schaufeln, Sattelaufliegern und Containersystemen.<\/p>\n<p>[\/et_pb_text][\/et_pb_column][\/et_pb_row][et_pb_row _builder_version=&#8220;4.27.4&#8243; _module_preset=&#8220;default&#8220; width_tablet=&#8220;95%&#8220; width_phone=&#8220;90%&#8220; width_last_edited=&#8220;on|tablet&#8220; custom_margin=&#8220;-35px||0px||false|false&#8220; custom_margin_tablet=&#8220;30px||||false|false&#8220; custom_margin_phone=&#8220;20px||||false|false&#8220; custom_margin_last_edited=&#8220;on|phone&#8220; custom_padding=&#8220;||0px||false|false&#8220; global_colors_info=&#8220;{}&#8220;][et_pb_column type=&#8220;4_4&#8243; _builder_version=&#8220;4.27.4&#8243; _module_preset=&#8220;default&#8220; global_colors_info=&#8220;{}&#8220;][et_pb_divider color=&#8220;#004e43&#8243; divider_weight=&#8220;60px&#8220; divider_weight_tablet=&#8220;30px&#8220; divider_weight_phone=&#8220;20px&#8220; divider_weight_last_edited=&#8220;on|phone&#8220; _builder_version=&#8220;4.27.4&#8243; _module_preset=&#8220;default&#8220; custom_margin=&#8220;-32px||||false|false&#8220; custom_margin_tablet=&#8220;|-5px||-5px|false|true&#8220; custom_margin_phone=&#8220;|-5px||-5px|false|true&#8220; custom_margin_last_edited=&#8220;on|tablet&#8220; global_colors_info=&#8220;{}&#8220;][\/et_pb_divider][\/et_pb_column][\/et_pb_row][\/et_pb_section][et_pb_section fb_built=&#8220;1&#8243; custom_padding_last_edited=&#8220;on|tablet&#8220; admin_label=&#8220;Categories&#8220; _builder_version=&#8220;4.27.4&#8243; _module_preset=&#8220;default&#8220; background_color=&#8220;#f8f8f8&#8243; custom_margin=&#8220;50px||30px||false|false&#8220; custom_margin_tablet=&#8220;850px||0px||false|false&#8220; custom_margin_phone=&#8220;485px||5px||false|false&#8220; custom_margin_last_edited=&#8220;on|tablet&#8220; custom_padding=&#8220;30px||30px||false|false&#8220; custom_padding_tablet=&#8220;0px||0px||false|false&#8220; custom_padding_phone=&#8220;0px||0px||true|false&#8220; hover_enabled=&#8220;0&#8243; global_colors_info=&#8220;{%22gcid-01d52b91-888a-4360-8bf2-df06995b266a%22:%91%93}&#8220; sticky_enabled=&#8220;0&#8243;][et_pb_row column_structure=&#8220;1_6,1_6,1_6,1_6,1_6,1_6&#8243; use_custom_gutter=&#8220;on&#8220; gutter_width=&#8220;2&#8243; make_equal=&#8220;on&#8220; _builder_version=&#8220;4.27.4&#8243; _module_preset=&#8220;default&#8220; width_tablet=&#8220;95%&#8220; width_phone=&#8220;95%&#8220; width_last_edited=&#8220;on|tablet&#8220; custom_margin=&#8220;0px||||false|false&#8220; custom_margin_tablet=&#8220;0px||||false|false&#8220; custom_margin_phone=&#8220;0px||||false|false&#8220; custom_margin_last_edited=&#8220;on|phone&#8220; global_colors_info=&#8220;{}&#8220;][et_pb_column type=&#8220;1_6&#8243; _builder_version=&#8220;4.24.2&#8243; _module_preset=&#8220;default&#8220; background_color=&#8220;#FFFFFF&#8220; link_option_url=&#8220;#&#8220; global_colors_info=&#8220;{}&#8220;][et_pb_image src=&#8220;https:\/\/cevoman.be\/wp-content\/uploads\/2025\/01\/Picto_truck_grijs.png&#8220; title_text=&#8220;Picto_truck_grijs&#8220; url=&#8220;https:\/\/cevoman.be\/de\/lkw\/&#8220; align=&#8220;center&#8220; _builder_version=&#8220;4.27.4&#8243; _module_preset=&#8220;default&#8220; width=&#8220;50%&#8220; module_alignment=&#8220;center&#8220; custom_padding=&#8220;15px||5px||false|false&#8220; global_colors_info=&#8220;{}&#8220;][\/et_pb_image][et_pb_text _builder_version=&#8220;4.27.4&#8243; _module_preset=&#8220;default&#8220; text_font=&#8220;Work Sans||||||||&#8220; text_text_color=&#8220;#000000&#8243; text_font_size=&#8220;16px&#8220; header_font=&#8220;Work Sans||||||||&#8220; custom_padding=&#8220;||10px||false|false&#8220; link_option_url=&#8220;https:\/\/cevoman.be\/de\/lkw\/&#8220; text_font_size_tablet=&#8220;16px&#8220; text_font_size_phone=&#8220;16px&#8220; text_font_size_last_edited=&#8220;on|phone&#8220; global_colors_info=&#8220;{}&#8220;]<\/p>\n<p style=\"text-align: center;\">LKW<\/p>\n<p>[\/et_pb_text][\/et_pb_column][et_pb_column type=&#8220;1_6&#8243; _builder_version=&#8220;4.24.2&#8243; _module_preset=&#8220;default&#8220; background_color=&#8220;#FFFFFF&#8220; link_option_url=&#8220;#&#8220; global_colors_info=&#8220;{}&#8220;][et_pb_image src=&#8220;https:\/\/cevoman.be\/wp-content\/uploads\/2025\/01\/Picto_onderdelen_grijs.png&#8220; title_text=&#8220;Picto_onderdelen_grijs&#8220; url=&#8220;https:\/\/cevoman.be\/de\/ersatzteile\/&#8220; align=&#8220;center&#8220; _builder_version=&#8220;4.27.4&#8243; _module_preset=&#8220;default&#8220; width=&#8220;39%&#8220; module_alignment=&#8220;center&#8220; custom_padding=&#8220;15px||||false|false&#8220; global_colors_info=&#8220;{}&#8220;][\/et_pb_image][et_pb_text _builder_version=&#8220;4.27.4&#8243; _module_preset=&#8220;default&#8220; text_font=&#8220;Work Sans||||||||&#8220; text_text_color=&#8220;#000000&#8243; text_font_size=&#8220;16px&#8220; header_font=&#8220;Work Sans||||||||&#8220; custom_padding=&#8220;||10px||false|false&#8220; link_option_url=&#8220;https:\/\/cevoman.be\/de\/ersatzteile\/&#8220; text_font_size_tablet=&#8220;16px&#8220; text_font_size_phone=&#8220;16px&#8220; text_font_size_last_edited=&#8220;on|phone&#8220; global_colors_info=&#8220;{}&#8220;]<\/p>\n<p style=\"text-align: center;\">Ersatzteile<\/p>\n<p>[\/et_pb_text][\/et_pb_column][et_pb_column type=&#8220;1_6&#8243; _builder_version=&#8220;4.24.2&#8243; _module_preset=&#8220;default&#8220; background_color=&#8220;#FFFFFF&#8220; link_option_url=&#8220;#&#8220; global_colors_info=&#8220;{}&#8220;][et_pb_image src=&#8220;https:\/\/cevoman.be\/wp-content\/uploads\/2025\/01\/Picto_machines_grijs.png&#8220; title_text=&#8220;Picto_machines_grijs&#8220; url=&#8220;https:\/\/cevoman.be\/de\/maschinen\/&#8220; align=&#8220;center&#8220; _builder_version=&#8220;4.27.4&#8243; _module_preset=&#8220;default&#8220; width=&#8220;30%&#8220; module_alignment=&#8220;center&#8220; custom_padding=&#8220;15px||||false|false&#8220; global_colors_info=&#8220;{}&#8220;][\/et_pb_image][et_pb_text _builder_version=&#8220;4.27.4&#8243; _module_preset=&#8220;default&#8220; text_font=&#8220;Work Sans||||||||&#8220; text_text_color=&#8220;#000000&#8243; text_font_size=&#8220;16px&#8220; header_font=&#8220;Work Sans||||||||&#8220; custom_padding=&#8220;||10px||false|false&#8220; link_option_url=&#8220;https:\/\/cevoman.be\/de\/maschinen\/&#8220; text_font_size_tablet=&#8220;16px&#8220; text_font_size_phone=&#8220;16px&#8220; text_font_size_last_edited=&#8220;on|phone&#8220; global_colors_info=&#8220;{}&#8220;]<\/p>\n<p style=\"text-align: center;\">Maschinen<\/p>\n<p>[\/et_pb_text][\/et_pb_column][et_pb_column type=&#8220;1_6&#8243; _builder_version=&#8220;4.24.2&#8243; _module_preset=&#8220;default&#8220; background_color=&#8220;#FFFFFF&#8220; link_option_url=&#8220;#&#8220; global_colors_info=&#8220;{}&#8220;][et_pb_image src=&#8220;https:\/\/cevoman.be\/wp-content\/uploads\/2025\/01\/Picto_aanhanger_grijs.png&#8220; title_text=&#8220;Picto_aanhanger_grijs&#8220; url=&#8220;https:\/\/cevoman.be\/de\/anhangers\/&#8220; align=&#8220;center&#8220; _builder_version=&#8220;4.27.4&#8243; _module_preset=&#8220;default&#8220; width=&#8220;70%&#8220; module_alignment=&#8220;center&#8220; custom_padding=&#8220;15px||9px||false|false&#8220; global_colors_info=&#8220;{}&#8220;][\/et_pb_image][et_pb_text _builder_version=&#8220;4.27.4&#8243; _module_preset=&#8220;default&#8220; text_font=&#8220;Work Sans||||||||&#8220; text_text_color=&#8220;#000000&#8243; text_font_size=&#8220;16px&#8220; header_font=&#8220;Work Sans||||||||&#8220; custom_margin_tablet=&#8220;&#8220; custom_margin_phone=&#8220;&#8220; custom_margin_last_edited=&#8220;on|desktop&#8220; custom_padding=&#8220;4px||10px||false|false&#8220; link_option_url=&#8220;https:\/\/cevoman.be\/de\/anhangers\/&#8220; text_font_size_tablet=&#8220;16px&#8220; text_font_size_phone=&#8220;16px&#8220; text_font_size_last_edited=&#8220;on|phone&#8220; global_colors_info=&#8220;{}&#8220;]<\/p>\n<p style=\"text-align: center;\">Anhangers<\/p>\n<p>[\/et_pb_text][\/et_pb_column][et_pb_column type=&#8220;1_6&#8243; _builder_version=&#8220;4.24.2&#8243; _module_preset=&#8220;default&#8220; background_color=&#8220;#FFFFFF&#8220; link_option_url=&#8220;#&#8220; global_colors_info=&#8220;{}&#8220;][et_pb_image src=&#8220;https:\/\/cevoman.be\/wp-content\/uploads\/2025\/01\/Picto_autolaadkraan_grijs.png&#8220; title_text=&#8220;Picto_autolaadkraan_grijs&#8220; url=&#8220;https:\/\/cevoman.be\/de\/autokrane\/&#8220; align=&#8220;center&#8220; _builder_version=&#8220;4.27.4&#8243; _module_preset=&#8220;default&#8220; width=&#8220;70%&#8220; module_alignment=&#8220;center&#8220; custom_padding=&#8220;10px||||false|false&#8220; global_colors_info=&#8220;{}&#8220;][\/et_pb_image][et_pb_text _builder_version=&#8220;4.27.4&#8243; _module_preset=&#8220;default&#8220; text_font=&#8220;Work Sans||||||||&#8220; text_text_color=&#8220;#000000&#8243; text_font_size=&#8220;16px&#8220; header_font=&#8220;Work Sans||||||||&#8220; custom_margin_tablet=&#8220;&#8220; custom_margin_phone=&#8220;&#8220; custom_margin_last_edited=&#8220;on|tablet&#8220; custom_padding=&#8220;||10px||false|false&#8220; link_option_url=&#8220;https:\/\/cevoman.be\/de\/autokrane\/&#8220; text_font_size_tablet=&#8220;16px&#8220; text_font_size_phone=&#8220;16px&#8220; text_font_size_last_edited=&#8220;on|phone&#8220; global_colors_info=&#8220;{}&#8220;]<\/p>\n<p style=\"text-align: center;\">Autokrane<\/p>\n<p>[\/et_pb_text][\/et_pb_column][et_pb_column type=&#8220;1_6&#8243; _builder_version=&#8220;4.24.2&#8243; _module_preset=&#8220;default&#8220; background_color=&#8220;#FFFFFF&#8220; link_option_url=&#8220;#&#8220; global_colors_info=&#8220;{}&#8220;][et_pb_image src=&#8220;https:\/\/cevoman.be\/wp-content\/uploads\/2025\/01\/Picto_laadbak_grijs.png&#8220; title_text=&#8220;Picto_laadbak_grijs&#8220; url=&#8220;https:\/\/cevoman.be\/de\/containers\/&#8220; align=&#8220;center&#8220; _builder_version=&#8220;4.27.4&#8243; _module_preset=&#8220;default&#8220; width=&#8220;70%&#8220; module_alignment=&#8220;center&#8220; custom_padding=&#8220;20px||15px||false|false&#8220; global_colors_info=&#8220;{}&#8220;][\/et_pb_image][et_pb_text _builder_version=&#8220;4.27.4&#8243; _module_preset=&#8220;default&#8220; text_font=&#8220;Work Sans||||||||&#8220; text_text_color=&#8220;#000000&#8243; text_font_size=&#8220;16px&#8220; header_font=&#8220;Work Sans||||||||&#8220; custom_padding=&#8220;0px||10px||false|false&#8220; link_option_url=&#8220;https:\/\/cevoman.be\/de\/containers\/&#8220; text_font_size_tablet=&#8220;16px&#8220; text_font_size_phone=&#8220;16px&#8220; text_font_size_last_edited=&#8220;on|tablet&#8220; global_colors_info=&#8220;{}&#8220;]<\/p>\n<p style=\"text-align: center;\">Containers<\/p>\n<p>[\/et_pb_text][\/et_pb_column][\/et_pb_row][\/et_pb_section]<\/p>\n","protected":false},"excerpt":{"rendered":"<p>FlotteUnser Fuhrpark besteht aus jungen und \u00e4lteren Gebrauchtfahrzeugen. Wir k\u00f6nnen Ihnen verschiedene Arten von gebrauchten Lastwagen anbieten. Wie zum Beispiel gebrauchte Kipper, offene Aufbauten mit Autokran, Containersysteme, K\u00fchlfahrzeuge,&#8230; Wir f\u00fchren auch eine gro\u00dfe Auswahl an Ladekr\u00e4nen, Schaufeln, Sattelaufliegern und Containersystemen.LKWErsatzteileMaschinenAnhangersAutokraneContainers<\/p>\n","protected":false},"author":1,"featured_media":0,"parent":0,"menu_order":0,"comment_status":"closed","ping_status":"closed","template":"","meta":{"_et_pb_use_builder":"on","_et_pb_old_content":"","_et_gb_content_width":"","footnotes":""},"class_list":["post-3742","page","type-page","status-publish","hentry"],"aioseo_notices":[],"_links":{"self":[{"href":"https:\/\/cevoman.be\/de\/wp-json\/wp\/v2\/pages\/3742","targetHints":{"allow":["GET"]}}],"collection":[{"href":"https:\/\/cevoman.be\/de\/wp-json\/wp\/v2\/pages"}],"about":[{"href":"https:\/\/cevoman.be\/de\/wp-json\/wp\/v2\/types\/page"}],"author":[{"embeddable":true,"href":"https:\/\/cevoman.be\/de\/wp-json\/wp\/v2\/users\/1"}],"replies":[{"embeddable":true,"href":"https:\/\/cevoman.be\/de\/wp-json\/wp\/v2\/comments?post=3742"}],"version-history":[{"count":17,"href":"https:\/\/cevoman.be\/de\/wp-json\/wp\/v2\/pages\/3742\/revisions"}],"predecessor-version":[{"id":5874,"href":"https:\/\/cevoman.be\/de\/wp-json\/wp\/v2\/pages\/3742\/revisions\/5874"}],"wp:attachment":[{"href":"https:\/\/cevoman.be\/de\/wp-json\/wp\/v2\/media?parent=3742"}],"curies":[{"name":"wp","href":"https:\/\/api.w.org\/{rel}","templated":true}]}}