{"id":4253,"date":"2025-01-02T13:47:21","date_gmt":"2025-01-02T11:47:21","guid":{"rendered":"https:\/\/cevoman.be\/ueber-uns\/"},"modified":"2025-08-27T14:57:35","modified_gmt":"2025-08-27T12:57:35","slug":"ueber-uns","status":"publish","type":"page","link":"https:\/\/cevoman.be\/de\/ueber-uns\/","title":{"rendered":"\u00dcber uns"},"content":{"rendered":"<p>[et_pb_section fb_built=&#8220;1&#8243; _builder_version=&#8220;4.27.4&#8243; _module_preset=&#8220;default&#8220; custom_margin=&#8220;0%||-4%||false|false&#8220; custom_margin_tablet=&#8220;||0%||false|false&#8220; custom_margin_phone=&#8220;||0%||false|false&#8220; custom_margin_last_edited=&#8220;on|desktop&#8220; custom_padding=&#8220;0%||0%||true|false&#8220; global_colors_info=&#8220;{}&#8220;][et_pb_row column_structure=&#8220;1_4,1_2,1_4&#8243; _builder_version=&#8220;4.27.4&#8243; _module_preset=&#8220;default&#8220; width=&#8220;100%&#8220; max_width=&#8220;1940px&#8220; custom_margin=&#8220;0px||0px||false|false&#8220; custom_padding=&#8220;0px||0px||false|false&#8220; global_colors_info=&#8220;{}&#8220;][et_pb_column type=&#8220;1_4&#8243; _builder_version=&#8220;4.27.4&#8243; _module_preset=&#8220;default&#8220; global_colors_info=&#8220;{}&#8220;][et_pb_image src=&#8220;https:\/\/cevoman.be\/wp-content\/uploads\/2025\/01\/Truck-Over-ons.jpg&#8220; title_text=&#8220;~ai-b13744a8-ad14-4f22-b87d-4e3a75214153_&#8220; _builder_version=&#8220;4.27.4&#8243; _module_preset=&#8220;default&#8220; max_height_tablet=&#8220;350px&#8220; max_height_phone=&#8220;350px&#8220; max_height_last_edited=&#8220;on|tablet&#8220; filter_brightness=&#8220;105%&#8220; global_colors_info=&#8220;{}&#8220;][\/et_pb_image][\/et_pb_column][et_pb_column type=&#8220;1_2&#8243; _builder_version=&#8220;4.27.4&#8243; _module_preset=&#8220;default&#8220; global_colors_info=&#8220;{}&#8220;][et_pb_text _builder_version=&#8220;4.27.4&#8243; _module_preset=&#8220;f117a852-9ed3-4e7e-bbbb-0293ae077f1c&#8220; header_font=&#8220;Poppins|700|||||||&#8220; header_text_color=&#8220;#666666&#8243; header_font_size=&#8220;7em&#8220; header_line_height=&#8220;1.2em&#8220; custom_margin=&#8220;70px|||-20%|false|false&#8220; custom_margin_tablet=&#8220;-10px|||3%|false|false&#8220; custom_margin_phone=&#8220;-10px|||5%|false|false&#8220; custom_margin_last_edited=&#8220;on|phone&#8220; header_font_size_tablet=&#8220;4em&#8220; header_font_size_phone=&#8220;2em&#8220; header_font_size_last_edited=&#8220;on|phone&#8220; locked=&#8220;off&#8220; global_colors_info=&#8220;{}&#8220;]<\/p>\n<h1>\u00dcber uns<\/h1>\n<p>[\/et_pb_text][\/et_pb_column][et_pb_column type=&#8220;1_4&#8243; _builder_version=&#8220;4.27.4&#8243; _module_preset=&#8220;default&#8220; global_colors_info=&#8220;{}&#8220;][et_pb_text _builder_version=&#8220;4.27.4&#8243; _module_preset=&#8220;8bb1575d-848a-4e48-b018-17a2eccf3bc3&#8243; text_font=&#8220;Work Sans||||||||&#8220; text_text_color=&#8220;#666666&#8243; text_font_size=&#8220;1.2em&#8220; text_line_height=&#8220;1.5em&#8220; background_enable_color=&#8220;off&#8220; background_layout=&#8220;dark&#8220; custom_margin=&#8220;100px|85%||-130%|false|false&#8220; custom_margin_tablet=&#8220;-30px|4%|2%|4%|false|true&#8220; custom_margin_phone=&#8220;-30px|5%|5%|5%|false|true&#8220; custom_margin_last_edited=&#8220;on|phone&#8220; custom_padding_tablet=&#8220;&#8220; custom_padding_phone=&#8220;&#8220; custom_padding_last_edited=&#8220;on|tablet&#8220; hover_enabled=&#8220;0&#8243; text_font_size_tablet=&#8220;1em&#8220; text_font_size_phone=&#8220;0.9em&#8220; text_font_size_last_edited=&#8220;on|phone&#8220; border_color_all=&#8220;#000000&#8243; global_colors_info=&#8220;{}&#8220; sticky_enabled=&#8220;0&#8243;]<\/p>\n<p>Wir sind ein Familienunternehmen mit Sitz in Herentals, in der N\u00e4he der Ausfahrt 22 der E313, das mit Gebraucht-Lkw handelt und daran arbeitet. Wir sind haupts\u00e4chlich auf MAN-LKW spezialisiert. Wir sind seit \u00fcber 45 Jahren im Gesch\u00e4ft und bringen die n\u00f6tige Erfahrung mit.<\/p>\n<p>[\/et_pb_text][\/et_pb_column][\/et_pb_row][et_pb_row column_structure=&#8220;1_3,1_3,1_3&#8243; custom_padding_last_edited=&#8220;on|tablet&#8220; _builder_version=&#8220;4.27.4&#8243; _module_preset=&#8220;default&#8220; background_color=&#8220;#004e43&#8243; vertical_offset=&#8220;-100px&#8220; z_index=&#8220;10&#8243; custom_margin_tablet=&#8220;100px||||false|false&#8220; custom_margin_phone=&#8220;100px||||false|false&#8220; custom_margin_last_edited=&#8220;on|phone&#8220; custom_padding=&#8220;15px||40px||false|false&#8220; custom_padding_tablet=&#8220;15px||||false|false&#8220; custom_padding_phone=&#8220;15px||||false|false&#8220; global_colors_info=&#8220;{}&#8220;][et_pb_column type=&#8220;1_3&#8243; _builder_version=&#8220;4.27.4&#8243; _module_preset=&#8220;default&#8220; global_colors_info=&#8220;{}&#8220;][et_pb_text _builder_version=&#8220;4.27.4&#8243; _module_preset=&#8220;default&#8220; text_font=&#8220;|||on|||||&#8220; text_text_color=&#8220;#FFFFFF&#8220; text_font_size=&#8220;18px&#8220; text_orientation=&#8220;center&#8220; custom_margin=&#8220;||0px||false|false&#8220; custom_margin_tablet=&#8220;||0px||false|false&#8220; custom_margin_phone=&#8220;||0px||false|false&#8220; custom_margin_last_edited=&#8220;on|desktop&#8220; custom_padding=&#8220;10px||10px||false|false&#8220; global_colors_info=&#8220;{}&#8220;]<\/p>\n<p>Jahre Erfahrung<\/p>\n<p>[\/et_pb_text][et_pb_text _builder_version=&#8220;4.27.4&#8243; _module_preset=&#8220;default&#8220; text_font=&#8220;Poppins|700|||||||&#8220; text_text_color=&#8220;#1ab567&#8243; text_font_size=&#8220;44px&#8220; text_line_height=&#8220;1em&#8220; custom_margin=&#8220;0px||0px||false|false&#8220; custom_padding=&#8220;0px||0px||false|false&#8220; hover_enabled=&#8220;0&#8243; locked=&#8220;off&#8220; global_colors_info=&#8220;{%22gcid-4721c02e-63da-4985-9f86-80b98bb29c52%22:%91%93}&#8220; sticky_enabled=&#8220;0&#8243;]<\/p>\n<p style=\"text-align: center;\">45<\/p>\n<p>[\/et_pb_text][\/et_pb_column][et_pb_column type=&#8220;1_3&#8243; _builder_version=&#8220;4.27.4&#8243; _module_preset=&#8220;default&#8220; global_colors_info=&#8220;{}&#8220;][et_pb_text _builder_version=&#8220;4.27.4&#8243; _module_preset=&#8220;default&#8220; text_font=&#8220;|||on|||||&#8220; text_text_color=&#8220;#FFFFFF&#8220; text_font_size=&#8220;18px&#8220; text_orientation=&#8220;center&#8220; custom_margin=&#8220;||0px||false|false&#8220; custom_padding=&#8220;10px||10px||false|false&#8220; global_colors_info=&#8220;{}&#8220;]<\/p>\n<p>COP-Certified<\/p>\n<p>[\/et_pb_text][et_pb_image src=&#8220;https:\/\/cevoman.be\/wp-content\/uploads\/2025\/05\/kiwa-web.jpg&#8220; title_text=&#8220;kiwa-web&#8220; _builder_version=&#8220;4.27.4&#8243; _module_preset=&#8220;default&#8220; width=&#8220;30%&#8220; module_alignment=&#8220;center&#8220; global_colors_info=&#8220;{}&#8220;][\/et_pb_image][\/et_pb_column][et_pb_column type=&#8220;1_3&#8243; _builder_version=&#8220;4.27.4&#8243; _module_preset=&#8220;default&#8220; global_colors_info=&#8220;{}&#8220;][et_pb_text _builder_version=&#8220;4.27.4&#8243; _module_preset=&#8220;default&#8220; text_font=&#8220;|||on|||||&#8220; text_text_color=&#8220;#FFFFFF&#8220; text_font_size=&#8220;18px&#8220; text_orientation=&#8220;center&#8220; custom_margin=&#8220;||0px||false|false&#8220; custom_padding=&#8220;10px||10px||false|false&#8220; global_colors_info=&#8220;{}&#8220;]<\/p>\n<p>Rezension<\/p>\n<p>[\/et_pb_text][et_pb_text _builder_version=&#8220;4.27.4&#8243; _module_preset=&#8220;default&#8220; text_font=&#8220;Poppins|700|||||||&#8220; text_text_color=&#8220;#1ab567&#8243; text_font_size=&#8220;44px&#8220; text_line_height=&#8220;1em&#8220; custom_margin=&#8220;0px||0px||false|false&#8220; custom_padding=&#8220;0px||0px||false|false&#8220; locked=&#8220;off&#8220; global_colors_info=&#8220;{%22gcid-4721c02e-63da-4985-9f86-80b98bb29c52%22:%91%93}&#8220;]<\/p>\n<p style=\"text-align: center;\">4,2\/5<\/p>\n<p>[\/et_pb_text][\/et_pb_column][\/et_pb_row][\/et_pb_section][et_pb_section fb_built=&#8220;1&#8243; admin_label=&#8220;Content&#8220; _builder_version=&#8220;4.27.4&#8243; _module_preset=&#8220;default&#8220; background_enable_color=&#8220;off&#8220; use_background_color_gradient=&#8220;on&#8220; background_color_gradient_stops=&#8220;#edf000 0%|#ffffff 99%&#8220; background_enable_image=&#8220;off&#8220; custom_margin=&#8220;3%||||false|false&#8220; custom_margin_tablet=&#8220;0%||||false|false&#8220; custom_margin_phone=&#8220;-10%||||false|false&#8220; custom_margin_last_edited=&#8220;on|phone&#8220; custom_padding=&#8220;0%||0%||false|false&#8220; global_colors_info=&#8220;{}&#8220;][et_pb_row column_structure=&#8220;3_5,2_5&#8243; make_equal=&#8220;on&#8220; _builder_version=&#8220;4.23.4&#8243; _module_preset=&#8220;default&#8220; background_enable_color=&#8220;off&#8220; global_colors_info=&#8220;{}&#8220;][et_pb_column type=&#8220;3_5&#8243; _builder_version=&#8220;4.23.4&#8243; _module_preset=&#8220;default&#8220; global_colors_info=&#8220;{}&#8220;][et_pb_text _builder_version=&#8220;4.27.4&#8243; _module_preset=&#8220;b5629d61-8761-48a4-843a-08bad35c28b0&#8243; header_2_font=&#8220;Poppins|700|||||||&#8220; header_2_text_color=&#8220;#666666&#8243; header_2_font_size=&#8220;3.3em&#8220; header_2_line_height=&#8220;1.2em&#8220; max_width=&#8220;640px&#8220; header_2_font_size_tablet=&#8220;2.2em&#8220; header_2_font_size_phone=&#8220;1.5em&#8220; header_2_font_size_last_edited=&#8220;on|phone&#8220; locked=&#8220;off&#8220; global_colors_info=&#8220;{}&#8220;]<\/p>\n<h2>Was machen wir?<\/h2>\n<p>[\/et_pb_text][et_pb_text _builder_version=&#8220;4.27.4&#8243; _module_preset=&#8220;a71a5122-3537-4d1b-aa15-649fe0057a23&#8243; text_font=&#8220;Work Sans||||||||&#8220; text_text_color=&#8220;#666666&#8243; text_font_size=&#8220;1.2em&#8220; text_line_height=&#8220;1.5em&#8220; header_3_text_color=&#8220;#004e43&#8243; background_layout=&#8220;dark&#8220; custom_margin=&#8220;-3%||||false|false&#8220; custom_margin_tablet=&#8220;-5%||||false|false&#8220; custom_margin_phone=&#8220;-10%||||false|false&#8220; custom_margin_last_edited=&#8220;on|tablet&#8220; custom_padding=&#8220;0px|0px||0px|false|true&#8220; text_font_size_tablet=&#8220;1.1em&#8220; text_font_size_phone=&#8220;1em&#8220; text_font_size_last_edited=&#8220;on|phone&#8220; text_orientation_tablet=&#8220;&#8220; text_orientation_phone=&#8220;left&#8220; text_orientation_last_edited=&#8220;on|phone&#8220; locked=&#8220;off&#8220; global_colors_info=&#8220;{}&#8220;]<\/p>\n<p>Wir bearbeiten und handeln \u00fcberwiegend mit jungen aber auch \u00e4lteren gebrauchten MAN LKW. Es ist also f\u00fcr jeden etwas dabei.<\/p>\n<p>Wir k\u00fcmmern uns um die Wartung, Kalibrierung des Fahrtenschreibers und das Lackieren des LKW mit oder ohne Aufbau.<\/p>\n<p>Gerne k\u00f6nnen wir Ihren LKW auch mit einem Aufbau ausstatten. Dies kann von Ladeplattformen bis zu Containersystemen mit Kr\u00e4nen variieren<\/p>\n<p>[\/et_pb_text][\/et_pb_column][et_pb_column type=&#8220;2_5&#8243; _builder_version=&#8220;4.23.4&#8243; _module_preset=&#8220;default&#8220; background_enable_color=&#8220;off&#8220; background_enable_image=&#8220;off&#8220; background_size=&#8220;initial&#8220; background_repeat=&#8220;repeat&#8220; custom_padding_tablet=&#8220;|30px||30px|true|true&#8220; custom_padding_phone=&#8220;20px|20px|20px|20px|true|true&#8220; custom_padding_last_edited=&#8220;on|phone&#8220; global_colors_info=&#8220;{%22gcid-3bcfc9e8-40d7-422e-a60f-3fa9ff8f4895%22:%91%93}&#8220;][et_pb_image src=&#8220;https:\/\/cevoman.be\/wp-content\/uploads\/2024\/08\/MAN.jpg&#8220; alt=&#8220;Cevoman-MAN&#8220; title_text=&#8220;MAN&#8220; align_tablet=&#8220;center&#8220; align_phone=&#8220;center&#8220; align_last_edited=&#8220;on|tablet&#8220; _builder_version=&#8220;4.27.4&#8243; _module_preset=&#8220;default&#8220; max_width=&#8220;78%&#8220; max_width_tablet=&#8220;63%&#8220; max_width_phone=&#8220;105%&#8220; max_width_last_edited=&#8220;on|tablet&#8220; max_height=&#8220;1000px&#8220; custom_margin=&#8220;||||false|false&#8220; custom_margin_tablet=&#8220;||0px||false|false&#8220; custom_margin_phone=&#8220;||0px||false|false&#8220; custom_margin_last_edited=&#8220;on|phone&#8220; custom_padding=&#8220;0px||0px||false|false&#8220; border_width_all=&#8220;2px&#8220; border_color_all=&#8220;#FFFFFF&#8220; box_shadow_style=&#8220;preset2&#8243; global_colors_info=&#8220;{}&#8220;][\/et_pb_image][\/et_pb_column][\/et_pb_row][\/et_pb_section][et_pb_section fb_built=&#8220;1&#8243; admin_label=&#8220;Value Props&#8220; _builder_version=&#8220;4.23.4&#8243; _module_preset=&#8220;default&#8220; background_image=&#8220;https:\/\/cevoman.be\/wp-content\/uploads\/2024\/01\/crowdfunding-030.png&#8220; parallax=&#8220;on&#8220; custom_padding=&#8220;2px||40px|||&#8220; locked=&#8220;off&#8220; global_colors_info=&#8220;{}&#8220;][et_pb_row column_structure=&#8220;2_5,3_5&#8243; _builder_version=&#8220;4.23.4&#8243; _module_preset=&#8220;default&#8220; border_color_all=&#8220;#1ab567&#8243; global_colors_info=&#8220;{%22gcid-4721c02e-63da-4985-9f86-80b98bb29c52%22:%91%93}&#8220;][et_pb_column type=&#8220;2_5&#8243; _builder_version=&#8220;4.23.4&#8243; _module_preset=&#8220;default&#8220; global_colors_info=&#8220;{}&#8220;][et_pb_image src=&#8220;https:\/\/cevoman.be\/wp-content\/uploads\/2024\/08\/Teststraat.jpg&#8220; title_text=&#8220;Teststra\u00dfe&#8220; align_tablet=&#8220;center&#8220; align_phone=&#8220;center&#8220; align_last_edited=&#8220;on|phone&#8220; _builder_version=&#8220;4.27.4&#8243; _module_preset=&#8220;default&#8220; width_tablet=&#8220;57%&#8220; width_phone=&#8220;80%&#8220; width_last_edited=&#8220;on|tablet&#8220; custom_margin_tablet=&#8220;&#8220; custom_margin_phone=&#8220;-60px||0px||false|false&#8220; custom_margin_last_edited=&#8220;on|phone&#8220; custom_padding=&#8220;0px||0px||false|false&#8220; global_colors_info=&#8220;{}&#8220;][\/et_pb_image][et_pb_button button_url=&#8220;https:\/\/cevoman.be\/de\/kontakt\/&#8220; button_text=&#8220;Kontaktieren Sie uns&#8220; button_alignment=&#8220;left&#8220; _builder_version=&#8220;4.27.4&#8243; _module_preset=&#8220;0f8e2902-400b-4a16-ae0c-6ce94c1ae4d0&#8243; custom_button=&#8220;on&#8220; button_text_size=&#8220;15px&#8220; button_text_color=&#8220;#FFFFFF&#8220; button_bg_color=&#8220;#004e43&#8243; button_border_width=&#8220;0px&#8220; button_border_radius=&#8220;8px&#8220; button_letter_spacing=&#8220;2px&#8220; button_font=&#8220;|600||on|||||&#8220; custom_margin_tablet=&#8220;||-20px||false|false&#8220; custom_margin_phone=&#8220;20px||-20px||false|false&#8220; custom_margin_last_edited=&#8220;on|tablet&#8220; custom_padding=&#8220;16px||16px||true|false&#8220; custom_padding_tablet=&#8220;12px|25px|12px|25px|true|true&#8220; custom_padding_phone=&#8220;16px|20px|16px|20px|true|true&#8220; custom_padding_last_edited=&#8220;on|phone&#8220; button_text_size_tablet=&#8220;14px&#8220; button_text_size_phone=&#8220;14px&#8220; button_text_size_last_edited=&#8220;on|phone&#8220; button_bg_color_last_edited=&#8220;off|desktop&#8220; button_border_radius_tablet=&#8220;6px&#8220; button_border_radius_phone=&#8220;4px&#8220; button_border_radius_last_edited=&#8220;on|phone&#8220; locked=&#8220;off&#8220; global_colors_info=&#8220;{%22gcid-4721c02e-63da-4985-9f86-80b98bb29c52%22:%91%22button_bg_color%22%93,%22gcid-3bcfc9e8-40d7-422e-a60f-3fa9ff8f4895%22:%91%93}&#8220; button_bg_color__hover=&#8220;#2ad47f&#8220; button_bg_color__hover_enabled=&#8220;off|desktop&#8220;][\/et_pb_button][\/et_pb_column][et_pb_column type=&#8220;3_5&#8243; _builder_version=&#8220;4.23.4&#8243; _module_preset=&#8220;default&#8220; custom_padding_tablet=&#8220;40px||||false|false&#8220; custom_padding_phone=&#8220;30px||||false|false&#8220; custom_padding_last_edited=&#8220;on|phone&#8220; global_colors_info=&#8220;{}&#8220;][et_pb_text _builder_version=&#8220;4.23.4&#8243; _module_preset=&#8220;b5629d61-8761-48a4-843a-08bad35c28b0&#8243; header_2_font=&#8220;Poppins|700|||||||&#8220; header_2_text_color=&#8220;#666666&#8243; header_2_font_size=&#8220;52px&#8220; header_2_line_height=&#8220;1.2em&#8220; custom_margin=&#8220;||7px|||&#8220; header_2_font_size_tablet=&#8220;32px&#8220; header_2_font_size_phone=&#8220;18px&#8220; header_2_font_size_last_edited=&#8220;on|phone&#8220; locked=&#8220;off&#8220; global_colors_info=&#8220;{}&#8220;]<\/p>\n<h2>Unsere St\u00e4rken.<\/h2>\n<p>[\/et_pb_text][et_pb_blurb title=&#8220;Ziemlich umfangreiche Flotte&#8220; image=&#8220;https:\/\/cevoman.be\/wp-content\/uploads\/2024\/01\/crowdfunding-icons-1-dark-green.png&#8220; icon_placement=&#8220;left&#8220; image_icon_width=&#8220;22px&#8220; content_max_width=&#8220;100%&#8220; image_icon_width_tablet=&#8220;22px&#8220; image_icon_width_phone=&#8220;20px&#8220; image_icon_width_last_edited=&#8220;on|tablet&#8220; _builder_version=&#8220;4.27.4&#8243; _module_preset=&#8220;8fb9350d-ef42-473d-92d7-8a3a25dbee4e&#8220; header_font=&#8220;Work Sans|||on|||||&#8220; header_text_color=&#8220;#004e43&#8243; header_font_size=&#8220;16px&#8220; header_letter_spacing=&#8220;2px&#8220; header_line_height=&#8220;1.2em&#8220; body_font=&#8220;Work Sans||||||||&#8220; body_text_color=&#8220;#666666&#8243; body_line_height=&#8220;1.5em&#8220; max_width=&#8220;500px&#8220; animation=&#8220;off&#8220; header_font_size_tablet=&#8220;14px&#8220; header_font_size_phone=&#8220;&#8220; header_font_size_last_edited=&#8220;on|phone&#8220; body_font_size_tablet=&#8220;&#8220; body_font_size_phone=&#8220;14px&#8220; body_font_size_last_edited=&#8220;on|phone&#8220; image_max_width=&#8220;22px&#8220; image_max_width_tablet=&#8220;22px&#8220; image_max_width_phone=&#8220;20px&#8220; image_max_width_last_edited=&#8220;on|tablet&#8220; locked=&#8220;off&#8220; global_colors_info=&#8220;{%22gcid-4721c02e-63da-4985-9f86-80b98bb29c52%22:%91%22header_text_color%22%93}&#8220;]<\/p>\n<p>Dabei handelt es sich um LKW der Marken MAN, Mercedes, Volvo, DAF, \u2026<\/p>\n<p>Auch an LKW-Aufbauten verf\u00fcgen wir \u00fcber ein vielf\u00e4ltiges Angebot. Wir verf\u00fcgen beispielsweise \u00fcber Ladekr\u00e4ne der Marken Palfinger, Effer, HIAB, PM, \u2026<\/p>\n<p>Au\u00dferdem f\u00fchren wir Containersysteme der Marken WAF, ANG,&#8230;<\/p>\n<p>[\/et_pb_blurb][et_pb_blurb title=&#8220;Sachkenntnis&#8220; image=&#8220;https:\/\/cevoman.be\/wp-content\/uploads\/2024\/01\/crowdfunding-icons-3-dark-green.png&#8220; icon_placement=&#8220;left&#8220; image_icon_width=&#8220;22px&#8220; content_max_width=&#8220;100%&#8220; image_icon_width_tablet=&#8220;22px&#8220; image_icon_width_phone=&#8220;20px&#8220; image_icon_width_last_edited=&#8220;on|tablet&#8220; _builder_version=&#8220;4.27.4&#8243; _module_preset=&#8220;8fb9350d-ef42-473d-92d7-8a3a25dbee4e&#8220; header_font=&#8220;Work Sans|||on|||||&#8220; header_text_color=&#8220;#004e43&#8243; header_font_size=&#8220;16px&#8220; header_letter_spacing=&#8220;2px&#8220; header_line_height=&#8220;1.2em&#8220; body_font=&#8220;Work Sans||||||||&#8220; body_text_color=&#8220;#666666&#8243; body_line_height=&#8220;1.5em&#8220; max_width=&#8220;500px&#8220; animation=&#8220;off&#8220; header_font_size_tablet=&#8220;14px&#8220; header_font_size_phone=&#8220;&#8220; header_font_size_last_edited=&#8220;on|phone&#8220; body_font_size_tablet=&#8220;&#8220; body_font_size_phone=&#8220;14px&#8220; body_font_size_last_edited=&#8220;on|phone&#8220; image_max_width=&#8220;22px&#8220; image_max_width_tablet=&#8220;22px&#8220; image_max_width_phone=&#8220;20px&#8220; image_max_width_last_edited=&#8220;on|tablet&#8220; locked=&#8220;off&#8220; global_colors_info=&#8220;{%22gcid-4721c02e-63da-4985-9f86-80b98bb29c52%22:%91%22header_text_color%22%93}&#8220;]<\/p>\n<p>Wir haben uns \u00fcber die Jahre das n\u00f6tige Wissen angeeignet und wissen, was der Kunde sucht.<\/p>\n<p>[\/et_pb_blurb][et_pb_blurb title=&#8220;Der Kunde ist K\u00f6nig&#8220; image=&#8220;https:\/\/cevoman.be\/wp-content\/uploads\/2024\/01\/crowdfunding-icons-18-dark-green.png&#8220; icon_placement=&#8220;left&#8220; image_icon_width=&#8220;22px&#8220; content_max_width=&#8220;100%&#8220; image_icon_width_tablet=&#8220;22px&#8220; image_icon_width_phone=&#8220;20px&#8220; image_icon_width_last_edited=&#8220;on|tablet&#8220; _builder_version=&#8220;4.27.4&#8243; _module_preset=&#8220;8fb9350d-ef42-473d-92d7-8a3a25dbee4e&#8220; header_font=&#8220;Work Sans|||on|||||&#8220; header_text_color=&#8220;#004e43&#8243; header_font_size=&#8220;16px&#8220; header_letter_spacing=&#8220;2px&#8220; header_line_height=&#8220;1.2em&#8220; body_font=&#8220;Work Sans||||||||&#8220; body_text_color=&#8220;#666666&#8243; body_line_height=&#8220;1.5em&#8220; max_width=&#8220;500px&#8220; animation=&#8220;off&#8220; header_font_size_tablet=&#8220;14px&#8220; header_font_size_phone=&#8220;&#8220; header_font_size_last_edited=&#8220;on|phone&#8220; body_font_size_tablet=&#8220;&#8220; body_font_size_phone=&#8220;14px&#8220; body_font_size_last_edited=&#8220;on|phone&#8220; image_max_width=&#8220;22px&#8220; image_max_width_tablet=&#8220;22px&#8220; image_max_width_phone=&#8220;20px&#8220; image_max_width_last_edited=&#8220;on|tablet&#8220; locked=&#8220;off&#8220; global_colors_info=&#8220;{%22gcid-4721c02e-63da-4985-9f86-80b98bb29c52%22:%91%22header_text_color%22%93}&#8220;]<\/p>\n<p>Wir bieten dem Kunden ein Gesamtkonzept.<\/p>\n<p>Dabei hat der Kunde die freie Wahl: Er kann den LKW wahlweise so kaufen und mitnehmen oder der LKW kann an die Bed\u00fcrfnisse des Kunden angepasst werden.<\/p>\n<p>[\/et_pb_blurb][et_pb_blurb title=&#8220;Gutes Preis-Leistungs-Verh\u00e4ltnis!&#8220; image=&#8220;https:\/\/cevoman.be\/wp-content\/uploads\/2024\/01\/crowdfunding-icons-10-dark-green.png&#8220; icon_placement=&#8220;left&#8220; image_icon_width=&#8220;22px&#8220; content_max_width=&#8220;100%&#8220; image_icon_width_tablet=&#8220;22px&#8220; image_icon_width_phone=&#8220;20px&#8220; image_icon_width_last_edited=&#8220;on|tablet&#8220; _builder_version=&#8220;4.27.4&#8243; _module_preset=&#8220;8fb9350d-ef42-473d-92d7-8a3a25dbee4e&#8220; header_font=&#8220;Work Sans|||on|||||&#8220; header_text_color=&#8220;#004e43&#8243; header_font_size=&#8220;16px&#8220; header_letter_spacing=&#8220;2px&#8220; header_line_height=&#8220;1.2em&#8220; body_font=&#8220;Work Sans||||||||&#8220; body_text_color=&#8220;#666666&#8243; body_line_height=&#8220;1.5em&#8220; max_width=&#8220;500px&#8220; animation=&#8220;off&#8220; header_font_size_tablet=&#8220;14px&#8220; header_font_size_phone=&#8220;&#8220; header_font_size_last_edited=&#8220;on|phone&#8220; body_font_size_tablet=&#8220;&#8220; body_font_size_phone=&#8220;14px&#8220; body_font_size_last_edited=&#8220;on|phone&#8220; image_max_width=&#8220;22px&#8220; image_max_width_tablet=&#8220;22px&#8220; image_max_width_phone=&#8220;20px&#8220; image_max_width_last_edited=&#8220;on|tablet&#8220; locked=&#8220;off&#8220; global_colors_info=&#8220;{%22gcid-4721c02e-63da-4985-9f86-80b98bb29c52%22:%91%22header_text_color%22%93}&#8220;]<\/p>\n<p>Da wir Gebraucht-Lkw importieren und exportieren, k\u00f6nnen wir ein gutes Preis-Leistungs-Verh\u00e4ltnis garantieren.<\/p>\n<p>[\/et_pb_blurb][\/et_pb_column][\/et_pb_row][\/et_pb_section]<\/p>\n","protected":false},"excerpt":{"rendered":"<p>\u00dcber unsWir sind ein Familienunternehmen mit Sitz in Herentals, in der N\u00e4he der Ausfahrt 22 der E313, das mit Gebraucht-Lkw handelt und daran arbeitet. Wir sind haupts\u00e4chlich auf MAN-LKW spezialisiert. Wir sind seit \u00fcber 45 Jahren im Gesch\u00e4ft und bringen die n\u00f6tige Erfahrung mit.Jahre Erfahrung45COP-CertifiedRezension4,2\/5Was machen wir?Wir bearbeiten und handeln \u00fcberwiegend mit jungen aber auch [&hellip;]<\/p>\n","protected":false},"author":1,"featured_media":0,"parent":0,"menu_order":0,"comment_status":"closed","ping_status":"closed","template":"","meta":{"_et_pb_use_builder":"on","_et_pb_old_content":"","_et_gb_content_width":"","footnotes":""},"class_list":["post-4253","page","type-page","status-publish","hentry"],"aioseo_notices":[],"_links":{"self":[{"href":"https:\/\/cevoman.be\/de\/wp-json\/wp\/v2\/pages\/4253","targetHints":{"allow":["GET"]}}],"collection":[{"href":"https:\/\/cevoman.be\/de\/wp-json\/wp\/v2\/pages"}],"about":[{"href":"https:\/\/cevoman.be\/de\/wp-json\/wp\/v2\/types\/page"}],"author":[{"embeddable":true,"href":"https:\/\/cevoman.be\/de\/wp-json\/wp\/v2\/users\/1"}],"replies":[{"embeddable":true,"href":"https:\/\/cevoman.be\/de\/wp-json\/wp\/v2\/comments?post=4253"}],"version-history":[{"count":112,"href":"https:\/\/cevoman.be\/de\/wp-json\/wp\/v2\/pages\/4253\/revisions"}],"predecessor-version":[{"id":5998,"href":"https:\/\/cevoman.be\/de\/wp-json\/wp\/v2\/pages\/4253\/revisions\/5998"}],"wp:attachment":[{"href":"https:\/\/cevoman.be\/de\/wp-json\/wp\/v2\/media?parent=4253"}],"curies":[{"name":"wp","href":"https:\/\/api.w.org\/{rel}","templated":true}]}}