{"id":4221,"date":"2024-01-14T15:59:05","date_gmt":"2024-01-14T13:59:05","guid":{"rendered":"https:\/\/cevoman.be\/ponte-en-contacto-con\/"},"modified":"2025-08-27T15:50:13","modified_gmt":"2025-08-27T13:50:13","slug":"contacto","status":"publish","type":"page","link":"https:\/\/cevoman.be\/es\/contacto\/","title":{"rendered":"Contacto"},"content":{"rendered":"<p>[et_pb_section fb_built=\u00bb1&#8243; _builder_version=\u00bb4.23.4&#8243; _module_preset=\u00bbdefault\u00bb custom_margin=\u00bb||0px||false|false\u00bb custom_padding=\u00bb0px||0px||false|false\u00bb global_colors_info=\u00bb{}\u00bb][et_pb_row column_structure=\u00bb1_4,3_4&#8243; use_custom_gutter=\u00bbon\u00bb make_equal=\u00bbon\u00bb _builder_version=\u00bb4.23.4&#8243; _module_preset=\u00bbdefault\u00bb width=\u00bb100%\u00bb max_width=\u00bb1920px\u00bb custom_margin=\u00bb0px||0px||false|false\u00bb custom_padding=\u00bb0px||0px||false|false\u00bb global_colors_info=\u00bb{}\u00bb][et_pb_column type=\u00bb1_4&#8243; _builder_version=\u00bb4.23.4&#8243; _module_preset=\u00bbdefault\u00bb global_colors_info=\u00bb{}\u00bb][et_pb_divider show_divider=\u00bboff\u00bb disabled_on=\u00bbon|on|off\u00bb _builder_version=\u00bb4.27.4&#8243; _module_preset=\u00bbdefault\u00bb background_color=\u00bb#EDF000&#8243; background_image=\u00bbhttps:\/\/cevoman.be\/wp-content\/uploads\/2024\/03\/2203-zwart_web.jpg\u00bb background_size=\u00bbcustom\u00bb background_image_width=\u00bb410%\u00bb background_image_height=\u00bb220%\u00bb background_position=\u00bbtop_left\u00bb background_horizontal_offset=\u00bb67%\u00bb background_vertical_offset=\u00bb45%\u00bb background_repeat=\u00bbrepeat\u00bb background_blend=\u00bboverlay\u00bb height=\u00bb550px\u00bb height_tablet=\u00bb500px\u00bb height_phone=\u00bb200px\u00bb height_last_edited=\u00bbon|tablet\u00bb overflow-x_tablet=\u00bb\u00bb overflow-x_phone=\u00bb\u00bb overflow-x_last_edited=\u00bbon|desktop\u00bb overflow-y_tablet=\u00bb\u00bb overflow-y_phone=\u00bb\u00bb overflow-y_last_edited=\u00bbon|phone\u00bb global_colors_info=\u00bb{}\u00bb][\/et_pb_divider][\/et_pb_column][et_pb_column type=\u00bb3_4&#8243; _builder_version=\u00bb4.23.4&#8243; _module_preset=\u00bbdefault\u00bb global_colors_info=\u00bb{}\u00bb][\/et_pb_column][\/et_pb_row][et_pb_row column_structure=\u00bb1_2,1_2&#8243; _builder_version=\u00bb4.23.4&#8243; _module_preset=\u00bbdefault\u00bb custom_margin=\u00bb-512px||||false|false\u00bb global_colors_info=\u00bb{}\u00bb][et_pb_column type=\u00bb1_2&#8243; _builder_version=\u00bb4.16&#8243; _module_preset=\u00bbdefault\u00bb global_colors_info=\u00bb{}\u00bb][et_pb_text _builder_version=\u00bb4.27.4&#8243; _module_preset=\u00bbf117a852-9ed3-4e7e-bbbb-0293ae077f1c\u00bb header_font=\u00bbPoppins|700|||||||\u00bb header_text_color=\u00bb#666666&#8243; header_font_size=\u00bb6em\u00bb header_line_height=\u00bb1.2em\u00bb custom_margin=\u00bb||||false|false\u00bb header_font_size_tablet=\u00bb4em\u00bb header_font_size_phone=\u00bb2em\u00bb header_font_size_last_edited=\u00bbon|desktop\u00bb locked=\u00bboff\u00bb global_colors_info=\u00bb{}\u00bb]<\/p>\n<h1>Contacto<\/h1>\n<p>[\/et_pb_text][et_pb_text _builder_version=\u00bb4.27.4&#8243; _module_preset=\u00bbdefault\u00bb text_font=\u00bb|600|||||||\u00bb text_text_color=\u00bb#666666&#8243; text_font_size=\u00bb1.3em\u00bb custom_margin=\u00bb|||100px|false|false\u00bb custom_margin_tablet=\u00bb-25px|||0px|false|false\u00bb custom_margin_phone=\u00bb-30px|||0px|false|false\u00bb custom_margin_last_edited=\u00bbon|tablet\u00bb custom_padding=\u00bb||||false|false\u00bb text_font_size_tablet=\u00bb1.2em\u00bb text_font_size_phone=\u00bb1.1em\u00bb text_font_size_last_edited=\u00bbon|phone\u00bb global_colors_info=\u00bb{}\u00bb]<\/p>\n<p>Si tienes alguna pregunta o comentario, no dudes en ponerte en contacto con nosotros por tel\u00e9fono o mediante este formulario de contacto.<\/p>\n<p>Si quieres comprar o vender un veh\u00edculo, haz clic en el bot\u00f3n de abajo.<\/p>\n<p>[\/et_pb_text][et_pb_button button_url=\u00bbhttps:\/\/cevoman.be\/es\/comprar\/\u00bb button_text=\u00bbQuiero vender mi veh\u00edculo\u00bb _builder_version=\u00bb4.27.4&#8243; _module_preset=\u00bbdefault\u00bb custom_button=\u00bbon\u00bb button_text_color=\u00bb#FFFFFF\u00bb button_bg_color=\u00bb#004e43&#8243; button_border_width=\u00bb0px\u00bb custom_margin=\u00bb|||100px|false|false\u00bb custom_margin_tablet=\u00bb|||0px|false|false\u00bb custom_margin_phone=\u00bb|||0px|false|false\u00bb custom_margin_last_edited=\u00bbon|phone\u00bb global_colors_info=\u00bb{}\u00bb][\/et_pb_button][et_pb_button button_url=\u00bbhttps:\/\/cevoman.be\/es\/nuestra-flota\/\u00bb button_text=\u00bbBusco un veh\u00edculo\u00bb _builder_version=\u00bb4.27.4&#8243; _module_preset=\u00bbdefault\u00bb custom_button=\u00bbon\u00bb button_text_color=\u00bb#FFFFFF\u00bb button_bg_color=\u00bb#004e43&#8243; button_border_width=\u00bb0px\u00bb custom_margin=\u00bb|||100px|false|false\u00bb custom_margin_tablet=\u00bb|||0px|false|false\u00bb custom_margin_phone=\u00bb|||0px|false|false\u00bb custom_margin_last_edited=\u00bbon|phone\u00bb global_colors_info=\u00bb{}\u00bb][\/et_pb_button][\/et_pb_column][et_pb_column type=\u00bb1_2&#8243; _builder_version=\u00bb4.16&#8243; _module_preset=\u00bbdefault\u00bb custom_padding=\u00bb30px||||false|false\u00bb custom_padding_tablet=\u00bb0px||||false|false\u00bb custom_padding_phone=\u00bb\u00bb custom_padding_last_edited=\u00bbon|tablet\u00bb global_colors_info=\u00bb{}\u00bb][et_pb_contact_form use_spam_service=\u00bbon\u00bb recaptcha_list=\u00bbCevoman|Cevoman-0&#8243; recaptcha_min_score=\u00bb0.7&#8243; email=\u00bbinfo@cevoman.be\u00bb submit_button_text=\u00bbEnviar mensaje\u00bb _builder_version=\u00bb4.27.4&#8243; _module_preset=\u00bbdefault\u00bb form_field_background_color=\u00bb#f8f8f8&#8243; form_field_text_color=\u00bbgcid-26ac9050-52ea-4dfa-84b3-bad7cf43e335&#8243; form_field_focus_background_color=\u00bbrgba(0,78,67,0.05)\u00bb form_field_focus_text_color=\u00bb#000000&#8243; form_field_custom_padding=\u00bb|20px||20px|false|true\u00bb form_field_font=\u00bbWork Sans|500|||||||\u00bb form_field_font_size=\u00bb16px\u00bb form_field_line_height=\u00bb1.8em\u00bb custom_button=\u00bbon\u00bb button_text_size=\u00bb20px\u00bb button_text_color=\u00bb#FFFFFF\u00bb button_bg_color=\u00bb#004e43&#8243; button_border_width=\u00bb0px\u00bb button_border_radius=\u00bb3px\u00bb button_letter_spacing=\u00bb2px\u00bb button_font=\u00bbWork Sans|600|||||||\u00bb button_icon=\u00bb&#x45;||divi||400&#8243; button_custom_padding=\u00bb10px|15px|10px|15px|true|true\u00bb button_custom_padding_tablet=\u00bb12px||12px||true|false\u00bb button_custom_padding_phone=\u00bb\u00bb button_custom_padding_last_edited=\u00bbon|desktop\u00bb button_text_size_tablet=\u00bb14px\u00bb button_text_size_phone=\u00bb\u00bb button_text_size_last_edited=\u00bbon|phone\u00bb button_bg_color_last_edited=\u00bboff|desktop\u00bb button_border_radius_tablet=\u00bb4px\u00bb button_border_radius_phone=\u00bb\u00bb button_border_radius_last_edited=\u00bbon|phone\u00bb border_radii=\u00bbon|8px|8px|8px|8px\u00bb border_radii_tablet=\u00bbon|4px|4px|4px|4px\u00bb border_radii_phone=\u00bb\u00bb border_radii_last_edited=\u00bbon|tablet\u00bb locked=\u00bboff\u00bb global_colors_info=\u00bb{%22gcid-01d52b91-888a-4360-8bf2-df06995b266a%22:%91%93,%22gcid-26ac9050-52ea-4dfa-84b3-bad7cf43e335%22:%91%22form_field_text_color%22%93,%22gcid-4721c02e-63da-4985-9f86-80b98bb29c52%22:%91%93,%22gcid-3bcfc9e8-40d7-422e-a60f-3fa9ff8f4895%22:%91%93}\u00bb button_custom_padding__hover_enabled=\u00bboff|hover\u00bb border_radii_fields_tablet=\u00bbon|4px|4px|4px|4px\u00bb border_radii_fields_last_edited=\u00bbon|tablet\u00bb button_bg_color__hover=\u00bb#00683C\u00bb button_bg_color__hover_enabled=\u00bboff|desktop\u00bb border_radii_fields_phone=\u00bbon|4px|4px|4px|4px\u00bb][et_pb_contact_field field_id=\u00bbNaam\u00bb field_title=\u00bbNombre\u00bb fullwidth_field=\u00bbon\u00bb _builder_version=\u00bb4.23.4&#8243; global_colors_info=\u00bb{}\u00bb button_text_size__hover_enabled=\u00bboff\u00bb button_one_text_size__hover_enabled=\u00bboff\u00bb button_two_text_size__hover_enabled=\u00bboff\u00bb button_text_color__hover_enabled=\u00bboff\u00bb button_one_text_color__hover_enabled=\u00bboff\u00bb button_two_text_color__hover_enabled=\u00bboff\u00bb button_border_width__hover_enabled=\u00bboff\u00bb button_one_border_width__hover_enabled=\u00bboff\u00bb button_two_border_width__hover_enabled=\u00bboff\u00bb button_border_color__hover_enabled=\u00bboff\u00bb button_one_border_color__hover_enabled=\u00bboff\u00bb button_two_border_color__hover_enabled=\u00bboff\u00bb button_border_radius__hover_enabled=\u00bboff\u00bb button_one_border_radius__hover_enabled=\u00bboff\u00bb button_two_border_radius__hover_enabled=\u00bboff\u00bb button_letter_spacing__hover_enabled=\u00bboff\u00bb button_one_letter_spacing__hover_enabled=\u00bboff\u00bb button_two_letter_spacing__hover_enabled=\u00bboff\u00bb button_bg_color__hover_enabled=\u00bboff\u00bb button_one_bg_color__hover_enabled=\u00bboff\u00bb button_two_bg_color__hover_enabled=\u00bboff\u00bb][\/et_pb_contact_field][et_pb_contact_field field_id=\u00bbEmail\u00bb field_title=\u00bbEnv\u00eda un correo electr\u00f3nico a\u00bb field_type=\u00bbemail\u00bb fullwidth_field=\u00bbon\u00bb _builder_version=\u00bb4.23.4&#8243; global_colors_info=\u00bb{}\u00bb button_text_size__hover_enabled=\u00bboff\u00bb button_one_text_size__hover_enabled=\u00bboff\u00bb button_two_text_size__hover_enabled=\u00bboff\u00bb button_text_color__hover_enabled=\u00bboff\u00bb button_one_text_color__hover_enabled=\u00bboff\u00bb button_two_text_color__hover_enabled=\u00bboff\u00bb button_border_width__hover_enabled=\u00bboff\u00bb button_one_border_width__hover_enabled=\u00bboff\u00bb button_two_border_width__hover_enabled=\u00bboff\u00bb button_border_color__hover_enabled=\u00bboff\u00bb button_one_border_color__hover_enabled=\u00bboff\u00bb button_two_border_color__hover_enabled=\u00bboff\u00bb button_border_radius__hover_enabled=\u00bboff\u00bb button_one_border_radius__hover_enabled=\u00bboff\u00bb button_two_border_radius__hover_enabled=\u00bboff\u00bb button_letter_spacing__hover_enabled=\u00bboff\u00bb button_one_letter_spacing__hover_enabled=\u00bboff\u00bb button_two_letter_spacing__hover_enabled=\u00bboff\u00bb button_bg_color__hover_enabled=\u00bboff\u00bb button_one_bg_color__hover_enabled=\u00bboff\u00bb button_two_bg_color__hover_enabled=\u00bboff\u00bb][\/et_pb_contact_field][et_pb_contact_field field_id=\u00bbTelefoonnummer\u00bb field_title=\u00bbN\u00famero de tel\u00e9fono\u00bb fullwidth_field=\u00bbon\u00bb _builder_version=\u00bb4.23.4&#8243; global_colors_info=\u00bb{}\u00bb button_text_size__hover_enabled=\u00bboff\u00bb button_one_text_size__hover_enabled=\u00bboff\u00bb button_two_text_size__hover_enabled=\u00bboff\u00bb button_text_color__hover_enabled=\u00bboff\u00bb button_one_text_color__hover_enabled=\u00bboff\u00bb button_two_text_color__hover_enabled=\u00bboff\u00bb button_border_width__hover_enabled=\u00bboff\u00bb button_one_border_width__hover_enabled=\u00bboff\u00bb button_two_border_width__hover_enabled=\u00bboff\u00bb button_border_color__hover_enabled=\u00bboff\u00bb button_one_border_color__hover_enabled=\u00bboff\u00bb button_two_border_color__hover_enabled=\u00bboff\u00bb button_border_radius__hover_enabled=\u00bboff\u00bb button_one_border_radius__hover_enabled=\u00bboff\u00bb button_two_border_radius__hover_enabled=\u00bboff\u00bb button_letter_spacing__hover_enabled=\u00bboff\u00bb button_one_letter_spacing__hover_enabled=\u00bboff\u00bb button_two_letter_spacing__hover_enabled=\u00bboff\u00bb button_bg_color__hover_enabled=\u00bboff\u00bb button_one_bg_color__hover_enabled=\u00bboff\u00bb button_two_bg_color__hover_enabled=\u00bboff\u00bb][\/et_pb_contact_field][et_pb_contact_field field_id=\u00bbBericht\u00bb field_title=\u00bbMensaje\u00bb field_type=\u00bbtext\u00bb fullwidth_field=\u00bbon\u00bb _builder_version=\u00bb4.23.4&#8243; global_colors_info=\u00bb{}\u00bb button_text_size__hover_enabled=\u00bboff\u00bb button_one_text_size__hover_enabled=\u00bboff\u00bb button_two_text_size__hover_enabled=\u00bboff\u00bb button_text_color__hover_enabled=\u00bboff\u00bb button_one_text_color__hover_enabled=\u00bboff\u00bb button_two_text_color__hover_enabled=\u00bboff\u00bb button_border_width__hover_enabled=\u00bboff\u00bb button_one_border_width__hover_enabled=\u00bboff\u00bb button_two_border_width__hover_enabled=\u00bboff\u00bb button_border_color__hover_enabled=\u00bboff\u00bb button_one_border_color__hover_enabled=\u00bboff\u00bb button_two_border_color__hover_enabled=\u00bboff\u00bb button_border_radius__hover_enabled=\u00bboff\u00bb button_one_border_radius__hover_enabled=\u00bboff\u00bb button_two_border_radius__hover_enabled=\u00bboff\u00bb button_letter_spacing__hover_enabled=\u00bboff\u00bb button_one_letter_spacing__hover_enabled=\u00bboff\u00bb button_two_letter_spacing__hover_enabled=\u00bboff\u00bb button_bg_color__hover_enabled=\u00bboff\u00bb button_one_bg_color__hover_enabled=\u00bboff\u00bb button_two_bg_color__hover_enabled=\u00bboff\u00bb][\/et_pb_contact_field][\/et_pb_contact_form][\/et_pb_column][\/et_pb_row][\/et_pb_section][et_pb_section fb_built=\u00bb1&#8243; _builder_version=\u00bb4.23.4&#8243; _module_preset=\u00bbdefault\u00bb background_color=\u00bb#f8f8f8&#8243; custom_margin=\u00bb20px||||false|false\u00bb global_colors_info=\u00bb{}\u00bb][et_pb_row column_structure=\u00bb1_3,1_3,1_3&#8243; _builder_version=\u00bb4.27.4&#8243; _module_preset=\u00bbdefault\u00bb custom_margin=\u00bb|||435px|false|false\u00bb custom_margin_tablet=\u00bb|||50px|false|false\u00bb custom_margin_phone=\u00bb||||false|false\u00bb custom_margin_last_edited=\u00bbon|phone\u00bb global_colors_info=\u00bb{}\u00bb][et_pb_column type=\u00bb1_3&#8243; _builder_version=\u00bb4.23.4&#8243; _module_preset=\u00bbdefault\u00bb global_colors_info=\u00bb{}\u00bb][et_pb_text _builder_version=\u00bb4.27.4&#8243; _module_preset=\u00bbdefault\u00bb text_font=\u00bb|600|||||||\u00bb text_font_size=\u00bb18px\u00bb custom_margin_tablet=\u00bb|||-20px|false|false\u00bb custom_margin_phone=\u00bb|||-20px|false|false\u00bb custom_margin_last_edited=\u00bbon|phone\u00bb text_font_size_tablet=\u00bb18px\u00bb text_font_size_phone=\u00bb15px\u00bb text_font_size_last_edited=\u00bbon|phone\u00bb global_colors_info=\u00bb{}\u00bb]<\/p>\n<h1>Horario de apertura<\/h1>\n<p>Lunes: 07:30 &#8211; 18:00<br \/>Martes: 07:30 &#8211; 18:00<br \/>Mi\u00e9rcoles: 07:30 &#8211; 18:00<br \/>Jueves: 07:30 &#8211; 18:00<br \/>Viernes: 07:30 &#8211; 18:00<br \/>S\u00e1bado: 07:30 &#8211; 12:00<\/p>\n<p>[\/et_pb_text][\/et_pb_column][et_pb_column type=\u00bb1_3&#8243; _builder_version=\u00bb4.23.4&#8243; _module_preset=\u00bbdefault\u00bb global_colors_info=\u00bb{}\u00bb][et_pb_text _builder_version=\u00bb4.27.4&#8243; _module_preset=\u00bbdefault\u00bb text_font=\u00bb|600|||||||\u00bb text_font_size=\u00bb18px\u00bb text_orientation=\u00bbjustified\u00bb custom_margin=\u00bb|||-20px|false|false\u00bb custom_margin_tablet=\u00bb|||-20px|false|false\u00bb custom_margin_phone=\u00bb|15px|||false|false\u00bb custom_margin_last_edited=\u00bbon|desktop\u00bb custom_padding=\u00bb|||0px|false|false\u00bb global_colors_info=\u00bb{}\u00bb]<\/p>\n<h1 style=\"text-align: left;\">Direcci\u00f3n<\/h1>\n<p>CEVOMAN bv<br \/>Lenskensdijk 5 <br \/>2200 Herentals (B\u00e9lgica)<\/p>\n<p>Estamos junto a la salida 22 de la autopista E313<\/p>\n<p>[\/et_pb_text][\/et_pb_column][et_pb_column type=\u00bb1_3&#8243; _builder_version=\u00bb4.23.4&#8243; _module_preset=\u00bbdefault\u00bb global_colors_info=\u00bb{}\u00bb][et_pb_text _builder_version=\u00bb4.27.4&#8243; _module_preset=\u00bbdefault\u00bb text_font=\u00bb|600|||||||\u00bb text_font_size=\u00bb18px\u00bb custom_margin=\u00bb|||100px|false|false\u00bb custom_margin_tablet=\u00bb|||-20px|false|false\u00bb custom_margin_phone=\u00bb|||-20px|false|false\u00bb custom_margin_last_edited=\u00bbon|phone\u00bb hover_enabled=\u00bb0&#8243; global_colors_info=\u00bb{}\u00bb sticky_enabled=\u00bb0&#8243;]<\/p>\n<h1>Contacto<\/h1>\n<p>+ 32 14 214900<br \/>+ 32 486 768240<br \/>+ 32 486 509085<\/p>\n<p>info@cevoman.be<\/p>\n<p>[\/et_pb_text][\/et_pb_column][\/et_pb_row][\/et_pb_section][et_pb_section fb_built=\u00bb1&#8243; fullwidth=\u00bbon\u00bb _builder_version=\u00bb4.24.2&#8243; _module_preset=\u00bbdefault\u00bb custom_margin=\u00bb40px||25px||false|false\u00bb custom_padding=\u00bb0px||0px||false|false\u00bb global_colors_info=\u00bb{}\u00bb][et_pb_fullwidth_code _builder_version=\u00bb4.27.4&#8243; _module_preset=\u00bbdefault\u00bb custom_margin=\u00bb0px||0px||false|false\u00bb custom_padding=\u00bb0px||0px||false|false\u00bb global_colors_info=\u00bb{}\u00bb]<iframe loading=\"lazy\" src=\"https:\/\/www.google.com\/maps\/embed?pb=!pb=!1m18!1m12!1m3!1d2502.3893364121836!2d4.838420376599126!3d51.15661127173571!2m3!1f0!2f0!3f0!3m2!1i1024!2i768!4f13.1!3m3!1m2!1s0x47c151f312d56f89%3A0x5bbfc74add8b6f66!2sLenskensdijk%205%2C%202200%20Herentals!5e0!3m2!1snl!2sbe!4v1705413249618!5m2!1snl!2sbe\" width=\"2150\" height=\"580\" frameborder=\"0\" style=\"border:0;\" allowfullscreen=\"\" aria-hidden=\"false\" tabindex=\"0\"><\/iframe>[\/et_pb_fullwidth_code][\/et_pb_section]<\/p>\n","protected":false},"excerpt":{"rendered":"<p>ContactoSi tienes alguna pregunta o comentario, no dudes en ponerte en contacto con nosotros por tel\u00e9fono o mediante este formulario de contacto. Si quieres comprar o vender un veh\u00edculo, haz clic en el bot\u00f3n de abajo.Horario de apertura Lunes: 07:30 &#8211; 18:00Martes: 07:30 &#8211; 18:00Mi\u00e9rcoles: 07:30 &#8211; 18:00Jueves: 07:30 &#8211; 18:00Viernes: 07:30 &#8211; 18:00S\u00e1bado: 07:30 [&hellip;]<\/p>\n","protected":false},"author":1,"featured_media":0,"parent":0,"menu_order":0,"comment_status":"closed","ping_status":"closed","template":"","meta":{"_et_pb_use_builder":"on","_et_pb_old_content":"","_et_gb_content_width":"","footnotes":""},"class_list":["post-4221","page","type-page","status-publish","hentry"],"aioseo_notices":[],"_links":{"self":[{"href":"https:\/\/cevoman.be\/es\/wp-json\/wp\/v2\/pages\/4221","targetHints":{"allow":["GET"]}}],"collection":[{"href":"https:\/\/cevoman.be\/es\/wp-json\/wp\/v2\/pages"}],"about":[{"href":"https:\/\/cevoman.be\/es\/wp-json\/wp\/v2\/types\/page"}],"author":[{"embeddable":true,"href":"https:\/\/cevoman.be\/es\/wp-json\/wp\/v2\/users\/1"}],"replies":[{"embeddable":true,"href":"https:\/\/cevoman.be\/es\/wp-json\/wp\/v2\/comments?post=4221"}],"version-history":[{"count":15,"href":"https:\/\/cevoman.be\/es\/wp-json\/wp\/v2\/pages\/4221\/revisions"}],"predecessor-version":[{"id":6017,"href":"https:\/\/cevoman.be\/es\/wp-json\/wp\/v2\/pages\/4221\/revisions\/6017"}],"wp:attachment":[{"href":"https:\/\/cevoman.be\/es\/wp-json\/wp\/v2\/media?parent=4221"}],"curies":[{"name":"wp","href":"https:\/\/api.w.org\/{rel}","templated":true}]}}