{"id":4250,"date":"2025-01-02T13:47:21","date_gmt":"2025-01-02T11:47:21","guid":{"rendered":"https:\/\/cevoman.be\/sobre-nosotros\/"},"modified":"2025-08-27T14:54:12","modified_gmt":"2025-08-27T12:54:12","slug":"sobre-nosotros","status":"publish","type":"page","link":"https:\/\/cevoman.be\/es\/sobre-nosotros\/","title":{"rendered":"Sobre nosotros"},"content":{"rendered":"<p>[et_pb_section fb_built=\u00bb1&#8243; _builder_version=\u00bb4.27.4&#8243; _module_preset=\u00bbdefault\u00bb custom_margin=\u00bb0%||-4%||false|false\u00bb custom_margin_tablet=\u00bb||0%||false|false\u00bb custom_margin_phone=\u00bb||0%||false|false\u00bb custom_margin_last_edited=\u00bbon|desktop\u00bb custom_padding=\u00bb0%||0%||true|false\u00bb global_colors_info=\u00bb{}\u00bb][et_pb_row column_structure=\u00bb1_4,1_2,1_4&#8243; _builder_version=\u00bb4.27.4&#8243; _module_preset=\u00bbdefault\u00bb width=\u00bb100%\u00bb max_width=\u00bb1940px\u00bb custom_margin=\u00bb0px||0px||false|false\u00bb custom_padding=\u00bb0px||0px||false|false\u00bb global_colors_info=\u00bb{}\u00bb][et_pb_column type=\u00bb1_4&#8243; _builder_version=\u00bb4.27.4&#8243; _module_preset=\u00bbdefault\u00bb global_colors_info=\u00bb{}\u00bb][et_pb_image src=\u00bbhttps:\/\/cevoman.be\/wp-content\/uploads\/2025\/01\/Truck-Over-ons.jpg\u00bb title_text=\u00bb~ai-b13744a8-ad14-4f22-b87d-4e3a75214153_\u00bb _builder_version=\u00bb4.27.4&#8243; _module_preset=\u00bbdefault\u00bb max_height_tablet=\u00bb350px\u00bb max_height_phone=\u00bb350px\u00bb max_height_last_edited=\u00bbon|tablet\u00bb filter_brightness=\u00bb105%\u00bb global_colors_info=\u00bb{}\u00bb][\/et_pb_image][\/et_pb_column][et_pb_column type=\u00bb1_2&#8243; _builder_version=\u00bb4.27.4&#8243; _module_preset=\u00bbdefault\u00bb global_colors_info=\u00bb{}\u00bb][et_pb_text _builder_version=\u00bb4.27.4&#8243; _module_preset=\u00bbf117a852-9ed3-4e7e-bbbb-0293ae077f1c\u00bb header_font=\u00bbPoppins|700|||||||\u00bb header_text_color=\u00bb#666666&#8243; header_font_size=\u00bb7em\u00bb header_line_height=\u00bb1.2em\u00bb custom_margin=\u00bb70px|||-20%|false|false\u00bb custom_margin_tablet=\u00bb-10px|||3%|false|false\u00bb custom_margin_phone=\u00bb-10px|||5%|false|false\u00bb custom_margin_last_edited=\u00bbon|phone\u00bb header_font_size_tablet=\u00bb4em\u00bb header_font_size_phone=\u00bb2em\u00bb header_font_size_last_edited=\u00bbon|phone\u00bb locked=\u00bboff\u00bb global_colors_info=\u00bb{}\u00bb]<\/p>\n<h1>Sobre <br \/>nosotros<\/h1>\n<p>[\/et_pb_text][\/et_pb_column][et_pb_column type=\u00bb1_4&#8243; _builder_version=\u00bb4.27.4&#8243; _module_preset=\u00bbdefault\u00bb global_colors_info=\u00bb{}\u00bb][et_pb_text _builder_version=\u00bb4.27.4&#8243; _module_preset=\u00bb8bb1575d-848a-4e48-b018-17a2eccf3bc3&#8243; text_font=\u00bbWork Sans||||||||\u00bb text_text_color=\u00bb#666666&#8243; text_font_size=\u00bb1.2em\u00bb text_line_height=\u00bb1.5em\u00bb background_enable_color=\u00bboff\u00bb background_layout=\u00bbdark\u00bb custom_margin=\u00bb100px|85%||-130%|false|false\u00bb custom_margin_tablet=\u00bb-30px|4%|2%|4%|false|true\u00bb custom_margin_phone=\u00bb-30px|5%|5%|5%|false|true\u00bb custom_margin_last_edited=\u00bbon|phone\u00bb custom_padding_tablet=\u00bb\u00bb custom_padding_phone=\u00bb\u00bb custom_padding_last_edited=\u00bbon|tablet\u00bb hover_enabled=\u00bb0&#8243; text_font_size_tablet=\u00bb1em\u00bb text_font_size_phone=\u00bb0.9em\u00bb text_font_size_last_edited=\u00bbon|phone\u00bb border_color_all=\u00bb#000000&#8243; global_colors_info=\u00bb{}\u00bb sticky_enabled=\u00bb0&#8243;]<\/p>\n<p>Somos una empresa familiar situada en Herentals, junto a la salida 22 de la E313, que comercializa y trabaja con camiones usados. Principalmente, estamos especializados en camiones MAN. Llevamos m\u00e1s de 45 a\u00f1os en el negocio y nos avala la experiencia necesaria.<\/p>\n<p>[\/et_pb_text][\/et_pb_column][\/et_pb_row][et_pb_row column_structure=\u00bb1_3,1_3,1_3&#8243; custom_padding_last_edited=\u00bbon|tablet\u00bb _builder_version=\u00bb4.27.4&#8243; _module_preset=\u00bbdefault\u00bb background_color=\u00bb#004e43&#8243; vertical_offset=\u00bb-100px\u00bb z_index=\u00bb10&#8243; custom_margin_tablet=\u00bb100px||||false|false\u00bb custom_margin_phone=\u00bb100px||||false|false\u00bb custom_margin_last_edited=\u00bbon|phone\u00bb custom_padding=\u00bb15px||40px||false|false\u00bb custom_padding_tablet=\u00bb15px||||false|false\u00bb custom_padding_phone=\u00bb15px||||false|false\u00bb global_colors_info=\u00bb{}\u00bb][et_pb_column type=\u00bb1_3&#8243; _builder_version=\u00bb4.27.4&#8243; _module_preset=\u00bbdefault\u00bb global_colors_info=\u00bb{}\u00bb][et_pb_text _builder_version=\u00bb4.27.4&#8243; _module_preset=\u00bbdefault\u00bb text_font=\u00bb|||on|||||\u00bb text_text_color=\u00bb#FFFFFF\u00bb text_font_size=\u00bb18px\u00bb text_orientation=\u00bbcenter\u00bb custom_margin=\u00bb||0px||false|false\u00bb custom_margin_tablet=\u00bb||0px||false|false\u00bb custom_margin_phone=\u00bb||0px||false|false\u00bb custom_margin_last_edited=\u00bbon|desktop\u00bb custom_padding=\u00bb10px||10px||false|false\u00bb global_colors_info=\u00bb{}\u00bb]<\/p>\n<p>A\u00f1os de experiencia<\/p>\n<p>[\/et_pb_text][et_pb_text _builder_version=\u00bb4.27.4&#8243; _module_preset=\u00bbdefault\u00bb text_font=\u00bbPoppins|700|||||||\u00bb text_text_color=\u00bb#1ab567&#8243; text_font_size=\u00bb44px\u00bb text_line_height=\u00bb1em\u00bb custom_margin=\u00bb0px||0px||false|false\u00bb custom_padding=\u00bb0px||0px||false|false\u00bb hover_enabled=\u00bb0&#8243; locked=\u00bboff\u00bb global_colors_info=\u00bb{%22gcid-4721c02e-63da-4985-9f86-80b98bb29c52%22:%91%93}\u00bb sticky_enabled=\u00bb0&#8243;]<\/p>\n<p style=\"text-align: center;\">45<\/p>\n<p>[\/et_pb_text][\/et_pb_column][et_pb_column type=\u00bb1_3&#8243; _builder_version=\u00bb4.27.4&#8243; _module_preset=\u00bbdefault\u00bb global_colors_info=\u00bb{}\u00bb][et_pb_text _builder_version=\u00bb4.27.4&#8243; _module_preset=\u00bbdefault\u00bb text_font=\u00bb|||on|||||\u00bb text_text_color=\u00bb#FFFFFF\u00bb text_font_size=\u00bb18px\u00bb text_orientation=\u00bbcenter\u00bb custom_margin=\u00bb||0px||false|false\u00bb custom_padding=\u00bb10px||10px||false|false\u00bb global_colors_info=\u00bb{}\u00bb]<\/p>\n<p>COP-Certified<\/p>\n<p>[\/et_pb_text][et_pb_image src=\u00bbhttps:\/\/cevoman.be\/wp-content\/uploads\/2025\/05\/kiwa-web.jpg\u00bb title_text=\u00bbkiwa-web\u00bb _builder_version=\u00bb4.27.4&#8243; _module_preset=\u00bbdefault\u00bb width=\u00bb30%\u00bb module_alignment=\u00bbcenter\u00bb global_colors_info=\u00bb{}\u00bb][\/et_pb_image][\/et_pb_column][et_pb_column type=\u00bb1_3&#8243; _builder_version=\u00bb4.27.4&#8243; _module_preset=\u00bbdefault\u00bb global_colors_info=\u00bb{}\u00bb][et_pb_text _builder_version=\u00bb4.27.4&#8243; _module_preset=\u00bbdefault\u00bb text_font=\u00bb|||on|||||\u00bb text_text_color=\u00bb#FFFFFF\u00bb text_font_size=\u00bb18px\u00bb text_orientation=\u00bbcenter\u00bb custom_margin=\u00bb||0px||false|false\u00bb custom_padding=\u00bb10px||10px||false|false\u00bb global_colors_info=\u00bb{}\u00bb]<\/p>\n<p>opini\u00f3n<\/p>\n<p>[\/et_pb_text][et_pb_text _builder_version=\u00bb4.27.4&#8243; _module_preset=\u00bbdefault\u00bb text_font=\u00bbPoppins|700|||||||\u00bb text_text_color=\u00bb#1ab567&#8243; text_font_size=\u00bb44px\u00bb text_line_height=\u00bb1em\u00bb custom_margin=\u00bb0px||0px||false|false\u00bb custom_padding=\u00bb0px||0px||false|false\u00bb locked=\u00bboff\u00bb global_colors_info=\u00bb{%22gcid-4721c02e-63da-4985-9f86-80b98bb29c52%22:%91%93}\u00bb]<\/p>\n<p style=\"text-align: center;\">4,2\/5<\/p>\n<p>[\/et_pb_text][\/et_pb_column][\/et_pb_row][\/et_pb_section][et_pb_section fb_built=\u00bb1&#8243; admin_label=\u00bbContent\u00bb _builder_version=\u00bb4.27.4&#8243; _module_preset=\u00bbdefault\u00bb background_enable_color=\u00bboff\u00bb use_background_color_gradient=\u00bbon\u00bb background_color_gradient_stops=\u00bb#edf000 0%|#ffffff 99%\u00bb background_enable_image=\u00bboff\u00bb custom_margin=\u00bb3%||||false|false\u00bb custom_margin_tablet=\u00bb0%||||false|false\u00bb custom_margin_phone=\u00bb-10%||||false|false\u00bb custom_margin_last_edited=\u00bbon|phone\u00bb custom_padding=\u00bb0%||0%||false|false\u00bb global_colors_info=\u00bb{}\u00bb][et_pb_row column_structure=\u00bb3_5,2_5&#8243; make_equal=\u00bbon\u00bb _builder_version=\u00bb4.23.4&#8243; _module_preset=\u00bbdefault\u00bb background_enable_color=\u00bboff\u00bb global_colors_info=\u00bb{}\u00bb][et_pb_column type=\u00bb3_5&#8243; _builder_version=\u00bb4.23.4&#8243; _module_preset=\u00bbdefault\u00bb global_colors_info=\u00bb{}\u00bb][et_pb_text _builder_version=\u00bb4.27.4&#8243; _module_preset=\u00bbb5629d61-8761-48a4-843a-08bad35c28b0&#8243; header_2_font=\u00bbPoppins|700|||||||\u00bb header_2_text_color=\u00bb#666666&#8243; header_2_font_size=\u00bb3.3em\u00bb header_2_line_height=\u00bb1.2em\u00bb max_width=\u00bb640px\u00bb header_2_font_size_tablet=\u00bb2.2em\u00bb header_2_font_size_phone=\u00bb1.5em\u00bb header_2_font_size_last_edited=\u00bbon|phone\u00bb locked=\u00bboff\u00bb global_colors_info=\u00bb{}\u00bb]<\/p>\n<h2>\u00bfQu\u00e9 hacemos?<\/h2>\n<p>[\/et_pb_text][et_pb_text _builder_version=\u00bb4.27.4&#8243; _module_preset=\u00bba71a5122-3537-4d1b-aa15-649fe0057a23&#8243; text_font=\u00bbWork Sans||||||||\u00bb text_text_color=\u00bb#666666&#8243; text_font_size=\u00bb1.2em\u00bb text_line_height=\u00bb1.5em\u00bb header_3_text_color=\u00bb#004e43&#8243; background_layout=\u00bbdark\u00bb custom_margin=\u00bb-3%||||false|false\u00bb custom_margin_tablet=\u00bb-5%||||false|false\u00bb custom_margin_phone=\u00bb-10%||||false|false\u00bb custom_margin_last_edited=\u00bbon|tablet\u00bb custom_padding=\u00bb0px|0px||0px|false|true\u00bb text_font_size_tablet=\u00bb1.1em\u00bb text_font_size_phone=\u00bb1em\u00bb text_font_size_last_edited=\u00bbon|phone\u00bb text_orientation_tablet=\u00bb\u00bb text_orientation_phone=\u00bbleft\u00bb text_orientation_last_edited=\u00bbon|phone\u00bb locked=\u00bboff\u00bb global_colors_info=\u00bb{}\u00bb]<\/p>\n<p>Comercializamos y trabajamos principalmente con camiones MAN de segunda mano, tanto j\u00f3venes como antiguos. As\u00ed que hay algo para quien.<\/p>\n<p>Nos encargamos del mantenimiento, calibraci\u00f3n del tac\u00f3grafo y pulverizaci\u00f3n del cami\u00f3n con o sin superestructura.<\/p>\n<p>Tambi\u00e9n podemos colocar una superestructura en su cami\u00f3n. Esto puede variar desde plataformas de carga hasta sistemas de contenedores con gr\u00faas.<\/p>\n<p>[\/et_pb_text][\/et_pb_column][et_pb_column type=\u00bb2_5&#8243; _builder_version=\u00bb4.23.4&#8243; _module_preset=\u00bbdefault\u00bb background_enable_color=\u00bboff\u00bb background_enable_image=\u00bboff\u00bb background_size=\u00bbinitial\u00bb background_repeat=\u00bbrepeat\u00bb custom_padding_tablet=\u00bb|30px||30px|true|true\u00bb custom_padding_phone=\u00bb20px|20px|20px|20px|true|true\u00bb custom_padding_last_edited=\u00bbon|phone\u00bb global_colors_info=\u00bb{%22gcid-3bcfc9e8-40d7-422e-a60f-3fa9ff8f4895%22:%91%93}\u00bb][et_pb_image src=\u00bbhttps:\/\/cevoman.be\/wp-content\/uploads\/2024\/08\/MAN.jpg\u00bb alt=\u00bbCevoman-MAN\u00bb title_text=\u00bbMAN\u00bb align_tablet=\u00bbcenter\u00bb align_phone=\u00bbcenter\u00bb align_last_edited=\u00bbon|tablet\u00bb _builder_version=\u00bb4.27.4&#8243; _module_preset=\u00bbdefault\u00bb max_width=\u00bb78%\u00bb max_width_tablet=\u00bb63%\u00bb max_width_phone=\u00bb105%\u00bb max_width_last_edited=\u00bbon|tablet\u00bb max_height=\u00bb1000px\u00bb custom_margin=\u00bb||||false|false\u00bb custom_margin_tablet=\u00bb||0px||false|false\u00bb custom_margin_phone=\u00bb||0px||false|false\u00bb custom_margin_last_edited=\u00bbon|phone\u00bb custom_padding=\u00bb0px||0px||false|false\u00bb border_width_all=\u00bb2px\u00bb border_color_all=\u00bb#FFFFFF\u00bb box_shadow_style=\u00bbpreset2&#8243; global_colors_info=\u00bb{}\u00bb][\/et_pb_image][\/et_pb_column][\/et_pb_row][\/et_pb_section][et_pb_section fb_built=\u00bb1&#8243; admin_label=\u00bbValue Props\u00bb _builder_version=\u00bb4.23.4&#8243; _module_preset=\u00bbdefault\u00bb background_image=\u00bbhttps:\/\/cevoman.be\/wp-content\/uploads\/2024\/01\/crowdfunding-030.png\u00bb parallax=\u00bbon\u00bb custom_padding=\u00bb2px||40px|||\u00bb locked=\u00bboff\u00bb global_colors_info=\u00bb{}\u00bb][et_pb_row column_structure=\u00bb2_5,3_5&#8243; _builder_version=\u00bb4.23.4&#8243; _module_preset=\u00bbdefault\u00bb border_color_all=\u00bb#1ab567&#8243; global_colors_info=\u00bb{%22gcid-4721c02e-63da-4985-9f86-80b98bb29c52%22:%91%93}\u00bb][et_pb_column type=\u00bb2_5&#8243; _builder_version=\u00bb4.23.4&#8243; _module_preset=\u00bbdefault\u00bb global_colors_info=\u00bb{}\u00bb][et_pb_image src=\u00bbhttps:\/\/cevoman.be\/wp-content\/uploads\/2024\/08\/Teststraat.jpg\u00bb title_text=\u00bbCalle de prueba\u00bb align_tablet=\u00bbcenter\u00bb align_phone=\u00bbcenter\u00bb align_last_edited=\u00bbon|phone\u00bb _builder_version=\u00bb4.27.4&#8243; _module_preset=\u00bbdefault\u00bb width_tablet=\u00bb57%\u00bb width_phone=\u00bb80%\u00bb width_last_edited=\u00bbon|tablet\u00bb custom_margin_tablet=\u00bb\u00bb custom_margin_phone=\u00bb-60px||0px||false|false\u00bb custom_margin_last_edited=\u00bbon|phone\u00bb custom_padding=\u00bb0px||0px||false|false\u00bb global_colors_info=\u00bb{}\u00bb][\/et_pb_image][et_pb_button button_url=\u00bbhttps:\/\/cevoman.be\/es\/contacto\/\u00bb button_text=\u00bbCont\u00e1ctenos\u00bb button_alignment=\u00bbleft\u00bb _builder_version=\u00bb4.27.4&#8243; _module_preset=\u00bb0f8e2902-400b-4a16-ae0c-6ce94c1ae4d0&#8243; custom_button=\u00bbon\u00bb button_text_size=\u00bb15px\u00bb button_text_color=\u00bb#FFFFFF\u00bb button_bg_color=\u00bb#004e43&#8243; button_border_width=\u00bb0px\u00bb button_border_radius=\u00bb8px\u00bb button_letter_spacing=\u00bb2px\u00bb button_font=\u00bb|600||on|||||\u00bb custom_margin_tablet=\u00bb||-20px||false|false\u00bb custom_margin_phone=\u00bb20px||-20px||false|false\u00bb custom_margin_last_edited=\u00bbon|tablet\u00bb custom_padding=\u00bb16px||16px||true|false\u00bb custom_padding_tablet=\u00bb12px|25px|12px|25px|true|true\u00bb custom_padding_phone=\u00bb16px|20px|16px|20px|true|true\u00bb custom_padding_last_edited=\u00bbon|phone\u00bb button_text_size_tablet=\u00bb14px\u00bb button_text_size_phone=\u00bb14px\u00bb button_text_size_last_edited=\u00bbon|phone\u00bb button_bg_color_last_edited=\u00bboff|desktop\u00bb button_border_radius_tablet=\u00bb6px\u00bb button_border_radius_phone=\u00bb4px\u00bb button_border_radius_last_edited=\u00bbon|phone\u00bb locked=\u00bboff\u00bb global_colors_info=\u00bb{%22gcid-4721c02e-63da-4985-9f86-80b98bb29c52%22:%91%22button_bg_color%22%93,%22gcid-3bcfc9e8-40d7-422e-a60f-3fa9ff8f4895%22:%91%93}\u00bb button_bg_color__hover=\u00bb#2ad47f\u00bb button_bg_color__hover_enabled=\u00bboff|desktop\u00bb][\/et_pb_button][\/et_pb_column][et_pb_column type=\u00bb3_5&#8243; _builder_version=\u00bb4.23.4&#8243; _module_preset=\u00bbdefault\u00bb custom_padding_tablet=\u00bb40px||||false|false\u00bb custom_padding_phone=\u00bb30px||||false|false\u00bb custom_padding_last_edited=\u00bbon|phone\u00bb global_colors_info=\u00bb{}\u00bb][et_pb_text _builder_version=\u00bb4.23.4&#8243; _module_preset=\u00bbb5629d61-8761-48a4-843a-08bad35c28b0&#8243; header_2_font=\u00bbPoppins|700|||||||\u00bb header_2_text_color=\u00bb#666666&#8243; header_2_font_size=\u00bb52px\u00bb header_2_line_height=\u00bb1.2em\u00bb custom_margin=\u00bb||7px|||\u00bb header_2_font_size_tablet=\u00bb32px\u00bb header_2_font_size_phone=\u00bb18px\u00bb header_2_font_size_last_edited=\u00bbon|phone\u00bb locked=\u00bboff\u00bb global_colors_info=\u00bb{}\u00bb]<\/p>\n<h2>Nuestras fortalezas.<\/h2>\n<p>[\/et_pb_text][et_pb_blurb title=\u00bbFlota bastante extensa\u00bb image=\u00bbhttps:\/\/cevoman.be\/wp-content\/uploads\/2024\/01\/crowdfunding-icons-1-dark-green.png\u00bb icon_placement=\u00bbleft\u00bb image_icon_width=\u00bb22px\u00bb content_max_width=\u00bb100%\u00bb image_icon_width_tablet=\u00bb22px\u00bb image_icon_width_phone=\u00bb20px\u00bb image_icon_width_last_edited=\u00bbon|tablet\u00bb _builder_version=\u00bb4.27.4&#8243; _module_preset=\u00bb8fb9350d-ef42-473d-92d7-8a3a25dbee4e\u00bb header_font=\u00bbWork Sans|||on|||||\u00bb header_text_color=\u00bb#004e43&#8243; header_font_size=\u00bb16px\u00bb header_letter_spacing=\u00bb2px\u00bb header_line_height=\u00bb1.2em\u00bb body_font=\u00bbWork Sans||||||||\u00bb body_text_color=\u00bb#666666&#8243; body_line_height=\u00bb1.5em\u00bb max_width=\u00bb500px\u00bb animation=\u00bboff\u00bb header_font_size_tablet=\u00bb14px\u00bb header_font_size_phone=\u00bb\u00bb header_font_size_last_edited=\u00bbon|phone\u00bb body_font_size_tablet=\u00bb\u00bb body_font_size_phone=\u00bb14px\u00bb body_font_size_last_edited=\u00bbon|phone\u00bb image_max_width=\u00bb22px\u00bb image_max_width_tablet=\u00bb22px\u00bb image_max_width_phone=\u00bb20px\u00bb image_max_width_last_edited=\u00bbon|tablet\u00bb locked=\u00bboff\u00bb global_colors_info=\u00bb{%22gcid-4721c02e-63da-4985-9f86-80b98bb29c52%22:%91%22header_text_color%22%93}\u00bb]<\/p>\n<p>Se trata de camiones de las marcas MAN, Mercedes, Volvo, DAF,&#8230;<\/p>\n<p>Tambi\u00e9n disponemos de una variada gama de carrocer\u00edas para camiones. Por ejemplo, disponemos de gr\u00faas de carga de las marcas Palfinger, Effer, HIAB, PM,&#8230;<\/p>\n<p>Tambi\u00e9n disponemos de sistemas de contenedores de las marcas WAF, ANG,&#8230;<\/p>\n<p>[\/et_pb_blurb][et_pb_blurb title=\u00bbConocimiento del tema\u00bb image=\u00bbhttps:\/\/cevoman.be\/wp-content\/uploads\/2024\/01\/crowdfunding-icons-3-dark-green.png\u00bb icon_placement=\u00bbleft\u00bb image_icon_width=\u00bb22px\u00bb content_max_width=\u00bb100%\u00bb image_icon_width_tablet=\u00bb22px\u00bb image_icon_width_phone=\u00bb20px\u00bb image_icon_width_last_edited=\u00bbon|tablet\u00bb _builder_version=\u00bb4.27.4&#8243; _module_preset=\u00bb8fb9350d-ef42-473d-92d7-8a3a25dbee4e\u00bb header_font=\u00bbWork Sans|||on|||||\u00bb header_text_color=\u00bb#004e43&#8243; header_font_size=\u00bb16px\u00bb header_letter_spacing=\u00bb2px\u00bb header_line_height=\u00bb1.2em\u00bb body_font=\u00bbWork Sans||||||||\u00bb body_text_color=\u00bb#666666&#8243; body_line_height=\u00bb1.5em\u00bb max_width=\u00bb500px\u00bb animation=\u00bboff\u00bb header_font_size_tablet=\u00bb14px\u00bb header_font_size_phone=\u00bb\u00bb header_font_size_last_edited=\u00bbon|phone\u00bb body_font_size_tablet=\u00bb\u00bb body_font_size_phone=\u00bb14px\u00bb body_font_size_last_edited=\u00bbon|phone\u00bb image_max_width=\u00bb22px\u00bb image_max_width_tablet=\u00bb22px\u00bb image_max_width_phone=\u00bb20px\u00bb image_max_width_last_edited=\u00bbon|tablet\u00bb locked=\u00bboff\u00bb global_colors_info=\u00bb{%22gcid-4721c02e-63da-4985-9f86-80b98bb29c52%22:%91%22header_text_color%22%93}\u00bb]<\/p>\n<p>A lo largo de los a\u00f1os hemos adquirido los conocimientos necesarios y sabemos lo que busca el cliente.<\/p>\n<p>[\/et_pb_blurb][et_pb_blurb title=\u00bbEl cliente es el rey\u00bb image=\u00bbhttps:\/\/cevoman.be\/wp-content\/uploads\/2024\/01\/crowdfunding-icons-18-dark-green.png\u00bb icon_placement=\u00bbleft\u00bb image_icon_width=\u00bb22px\u00bb content_max_width=\u00bb100%\u00bb image_icon_width_tablet=\u00bb22px\u00bb image_icon_width_phone=\u00bb20px\u00bb image_icon_width_last_edited=\u00bbon|tablet\u00bb _builder_version=\u00bb4.27.4&#8243; _module_preset=\u00bb8fb9350d-ef42-473d-92d7-8a3a25dbee4e\u00bb header_font=\u00bbWork Sans|||on|||||\u00bb header_text_color=\u00bb#004e43&#8243; header_font_size=\u00bb16px\u00bb header_letter_spacing=\u00bb2px\u00bb header_line_height=\u00bb1.2em\u00bb body_font=\u00bbWork Sans||||||||\u00bb body_text_color=\u00bb#666666&#8243; body_line_height=\u00bb1.5em\u00bb max_width=\u00bb500px\u00bb animation=\u00bboff\u00bb header_font_size_tablet=\u00bb14px\u00bb header_font_size_phone=\u00bb\u00bb header_font_size_last_edited=\u00bbon|phone\u00bb body_font_size_tablet=\u00bb\u00bb body_font_size_phone=\u00bb14px\u00bb body_font_size_last_edited=\u00bbon|phone\u00bb image_max_width=\u00bb22px\u00bb image_max_width_tablet=\u00bb22px\u00bb image_max_width_phone=\u00bb20px\u00bb image_max_width_last_edited=\u00bbon|tablet\u00bb locked=\u00bboff\u00bb global_colors_info=\u00bb{%22gcid-4721c02e-63da-4985-9f86-80b98bb29c52%22:%91%22header_text_color%22%93}\u00bb]<\/p>\n<p>Ofrecemos al cliente un concepto total.<\/p>\n<p>El cliente es libre de elegir: puede optar por comprar el cami\u00f3n tal como est\u00e1 y llev\u00e1rselo o bien adaptar el cami\u00f3n a las necesidades del cliente.<\/p>\n<p>[\/et_pb_blurb][et_pb_blurb title=\u00bb\u00a1Buen precio\/calidad!\u00bb image=\u00bbhttps:\/\/cevoman.be\/wp-content\/uploads\/2024\/01\/crowdfunding-icons-10-dark-green.png\u00bb icon_placement=\u00bbleft\u00bb image_icon_width=\u00bb22px\u00bb content_max_width=\u00bb100%\u00bb image_icon_width_tablet=\u00bb22px\u00bb image_icon_width_phone=\u00bb20px\u00bb image_icon_width_last_edited=\u00bbon|tablet\u00bb _builder_version=\u00bb4.27.4&#8243; _module_preset=\u00bb8fb9350d-ef42-473d-92d7-8a3a25dbee4e\u00bb header_font=\u00bbWork Sans|||on|||||\u00bb header_text_color=\u00bb#004e43&#8243; header_font_size=\u00bb16px\u00bb header_letter_spacing=\u00bb2px\u00bb header_line_height=\u00bb1.2em\u00bb body_font=\u00bbWork Sans||||||||\u00bb body_text_color=\u00bb#666666&#8243; body_line_height=\u00bb1.5em\u00bb max_width=\u00bb500px\u00bb animation=\u00bboff\u00bb header_font_size_tablet=\u00bb14px\u00bb header_font_size_phone=\u00bb\u00bb header_font_size_last_edited=\u00bbon|phone\u00bb body_font_size_tablet=\u00bb\u00bb body_font_size_phone=\u00bb14px\u00bb body_font_size_last_edited=\u00bbon|phone\u00bb image_max_width=\u00bb22px\u00bb image_max_width_tablet=\u00bb22px\u00bb image_max_width_phone=\u00bb20px\u00bb image_max_width_last_edited=\u00bbon|tablet\u00bb locked=\u00bboff\u00bb global_colors_info=\u00bb{%22gcid-4721c02e-63da-4985-9f86-80b98bb29c52%22:%91%22header_text_color%22%93}\u00bb]<\/p>\n<p>Debido a que importamos y exportamos camiones de segunda mano, podemos garantizar una buena relaci\u00f3n precio\/calidad.<\/p>\n<p>[\/et_pb_blurb][\/et_pb_column][\/et_pb_row][\/et_pb_section]<\/p>\n","protected":false},"excerpt":{"rendered":"<p>Sobre nosotrosSomos una empresa familiar situada en Herentals, junto a la salida 22 de la E313, que comercializa y trabaja con camiones usados. Principalmente, estamos especializados en camiones MAN. Llevamos m\u00e1s de 45 a\u00f1os en el negocio y nos avala la experiencia necesaria.A\u00f1os de experiencia45COP-Certifiedopini\u00f3n4,2\/5\u00bfQu\u00e9 hacemos?Comercializamos y trabajamos principalmente con camiones MAN de segunda mano, [&hellip;]<\/p>\n","protected":false},"author":1,"featured_media":0,"parent":0,"menu_order":0,"comment_status":"closed","ping_status":"closed","template":"","meta":{"_et_pb_use_builder":"on","_et_pb_old_content":"","_et_gb_content_width":"","footnotes":""},"class_list":["post-4250","page","type-page","status-publish","hentry"],"aioseo_notices":[],"_links":{"self":[{"href":"https:\/\/cevoman.be\/es\/wp-json\/wp\/v2\/pages\/4250","targetHints":{"allow":["GET"]}}],"collection":[{"href":"https:\/\/cevoman.be\/es\/wp-json\/wp\/v2\/pages"}],"about":[{"href":"https:\/\/cevoman.be\/es\/wp-json\/wp\/v2\/types\/page"}],"author":[{"embeddable":true,"href":"https:\/\/cevoman.be\/es\/wp-json\/wp\/v2\/users\/1"}],"replies":[{"embeddable":true,"href":"https:\/\/cevoman.be\/es\/wp-json\/wp\/v2\/comments?post=4250"}],"version-history":[{"count":114,"href":"https:\/\/cevoman.be\/es\/wp-json\/wp\/v2\/pages\/4250\/revisions"}],"predecessor-version":[{"id":5996,"href":"https:\/\/cevoman.be\/es\/wp-json\/wp\/v2\/pages\/4250\/revisions\/5996"}],"wp:attachment":[{"href":"https:\/\/cevoman.be\/es\/wp-json\/wp\/v2\/media?parent=4250"}],"curies":[{"name":"wp","href":"https:\/\/api.w.org\/{rel}","templated":true}]}}